{"id":5220,"date":"2024-11-13T11:10:44","date_gmt":"2024-11-13T03:10:44","guid":{"rendered":"https:\/\/chemneo.com\/product\/5220.html"},"modified":"2024-11-13T11:10:45","modified_gmt":"2024-11-13T03:10:45","slug":"chromium-nicotinate-cas-64452-96-6","status":"publish","type":"product","link":"https:\/\/chemneo.com\/pt\/product\/5220.html","title":{"rendered":"Nicotinato de cr\u00f3mio CAS 64452-96-6"},"content":{"rendered":"<p>Descri\u00e7\u00e3o<\/p>\n<p>\tChromium nicotinate Details<br \/>\nChemical Name: Chromium nicotinate<br \/>\nCAS No.: 64452-96-6<br \/>\nMolecular Fomula: C6H5CrNO2<br \/>\nChemical Structure:<\/p>\n<p>Molecular weight: 175.11<br \/>\nAppearance: Gray fine crystalline powder<br \/>\nEnsaio: \u226598.0%<br \/>\nChromium nicotinate\u00a0Properties<\/p>\n<p>ITEMS<br \/>\nSPECIFICATION<\/p>\n<p>Ensaio<br \/>\n\u226598.0%<\/p>\n<p>Moisture<br \/>\n\u22640.5<\/p>\n<p>\u00a0<br \/>\nChromium nicotinate application:<br \/>\nCan be used as medicine, health food, feed additive<br \/>\nPackaging and Shipping\u00a0<br \/>\n25kg\/drum;customized according to customer needs.<br \/>\nChromium nicotinate Storage<br \/>\nIt should be stored in a clean, dry and cool place, preventing from sunlight, rain.<\/p>","protected":false},"excerpt":{"rendered":"<p>Chemical Name: Chromium nicotinate<br \/>\nSynonyms: Tris(nicotinato)chromium; 3-Pyridinecarboxylate chromium salt; Chromium(III) nicotinate<br \/>\nCAS No.: 64452-96-6<br \/>\nMolecular Fomula: C6H5CrNO2<br \/>\nMolecular weight: 175.11<br \/>\nAppearance: Gray fine crystalline powder<br \/>\nEnsaio: \u226598.0%<\/p>","protected":false},"featured_media":5219,"comment_status":"open","ping_status":"closed","template":"","meta":[],"product_brand":[],"product_cat":[17],"product_tag":[],"class_list":{"0":"post-5220","1":"product","2":"type-product","3":"status-publish","4":"has-post-thumbnail","6":"product_cat-uncategorized","8":"first","9":"instock","10":"shipping-taxable","11":"product-type-simple"},"_links":{"self":[{"href":"https:\/\/chemneo.com\/pt\/wp-json\/wp\/v2\/product\/5220","targetHints":{"allow":["GET"]}}],"collection":[{"href":"https:\/\/chemneo.com\/pt\/wp-json\/wp\/v2\/product"}],"about":[{"href":"https:\/\/chemneo.com\/pt\/wp-json\/wp\/v2\/types\/product"}],"replies":[{"embeddable":true,"href":"https:\/\/chemneo.com\/pt\/wp-json\/wp\/v2\/comments?post=5220"}],"wp:featuredmedia":[{"embeddable":true,"href":"https:\/\/chemneo.com\/pt\/wp-json\/wp\/v2\/media\/5219"}],"wp:attachment":[{"href":"https:\/\/chemneo.com\/pt\/wp-json\/wp\/v2\/media?parent=5220"}],"wp:term":[{"taxonomy":"product_brand","embeddable":true,"href":"https:\/\/chemneo.com\/pt\/wp-json\/wp\/v2\/product_brand?post=5220"},{"taxonomy":"product_cat","embeddable":true,"href":"https:\/\/chemneo.com\/pt\/wp-json\/wp\/v2\/product_cat?post=5220"},{"taxonomy":"product_tag","embeddable":true,"href":"https:\/\/chemneo.com\/pt\/wp-json\/wp\/v2\/product_tag?post=5220"}],"curies":[{"name":"wp","href":"https:\/\/api.w.org\/{rel}","templated":true}]}}