{"id":5240,"date":"2024-11-13T11:11:03","date_gmt":"2024-11-13T03:11:03","guid":{"rendered":"https:\/\/chemneo.com\/product\/5240.html"},"modified":"2024-11-13T11:11:04","modified_gmt":"2024-11-13T03:11:04","slug":"chamomile-oil-cas-8015-92-7","status":"publish","type":"product","link":"https:\/\/chemneo.com\/pt\/product\/5240.html","title":{"rendered":"\u00d3leo de camomila CAS 8015-92-7"},"content":{"rendered":"<p>Descri\u00e7\u00e3o<\/p>\n<p>\tChamomile Oil Quick Details<br \/>\nNome qu\u00edmico: \u00d3leo de camomila<br \/>\nOutros nomes: \u00f3leo de anthemis nobilis<br \/>\nN.\u00ba CAS: 8015-92-7<br \/>\nMolecular Fomula: \/<br \/>\nChemical Structure:\/<br \/>\nMolecular weight:\u00a0\/<br \/>\nAspeto: l\u00edquido amarelo<br \/>\nEnsaio: \u226599.0%<br \/>\nChamomile Oil\u00a0Typical Properties<\/p>\n<p>ITEMS<br \/>\nSPECIFICATION<\/p>\n<p>Raw Material<br \/>\nFlowers<\/p>\n<p>Supply Type<br \/>\nOEM\/ODM<\/p>\n<p>Available Quantity<br \/>\n500 \u2013 1000 KG<\/p>\n<p>Oil Grade<br \/>\nTherapeutic<\/p>\n<p>Chamomile Oil\u00a0application:<br \/>\nChamomile Oil\u00a0is\u00a0used in Widely used in fields such as food, cosmetics, and French aromatherapy<br \/>\nChamomile Oil\u00a0Packaging and Shipping\u00a0<br \/>\ncustomized according to customer needs.<br \/>\nChamomile Oil\u00a0Storage<br \/>\nIt should be stored in a clean, dry and cool place, preventing from sunlight, rain.<\/p>","protected":false},"excerpt":{"rendered":"<p>Nome qu\u00edmico: \u00d3leo de camomila<br \/>\nOutros nomes: \u00f3leo de anthemis nobilis<br \/>\nN.\u00ba CAS: 8015-92-7<br \/>\nAspeto: l\u00edquido amarelo<br \/>\nEnsaio: \u226599.0%<\/p>","protected":false},"featured_media":5239,"comment_status":"open","ping_status":"closed","template":"","meta":[],"product_brand":[],"product_cat":[17],"product_tag":[],"class_list":{"0":"post-5240","1":"product","2":"type-product","3":"status-publish","4":"has-post-thumbnail","6":"product_cat-uncategorized","8":"first","9":"instock","10":"shipping-taxable","11":"product-type-simple"},"_links":{"self":[{"href":"https:\/\/chemneo.com\/pt\/wp-json\/wp\/v2\/product\/5240","targetHints":{"allow":["GET"]}}],"collection":[{"href":"https:\/\/chemneo.com\/pt\/wp-json\/wp\/v2\/product"}],"about":[{"href":"https:\/\/chemneo.com\/pt\/wp-json\/wp\/v2\/types\/product"}],"replies":[{"embeddable":true,"href":"https:\/\/chemneo.com\/pt\/wp-json\/wp\/v2\/comments?post=5240"}],"wp:featuredmedia":[{"embeddable":true,"href":"https:\/\/chemneo.com\/pt\/wp-json\/wp\/v2\/media\/5239"}],"wp:attachment":[{"href":"https:\/\/chemneo.com\/pt\/wp-json\/wp\/v2\/media?parent=5240"}],"wp:term":[{"taxonomy":"product_brand","embeddable":true,"href":"https:\/\/chemneo.com\/pt\/wp-json\/wp\/v2\/product_brand?post=5240"},{"taxonomy":"product_cat","embeddable":true,"href":"https:\/\/chemneo.com\/pt\/wp-json\/wp\/v2\/product_cat?post=5240"},{"taxonomy":"product_tag","embeddable":true,"href":"https:\/\/chemneo.com\/pt\/wp-json\/wp\/v2\/product_tag?post=5240"}],"curies":[{"name":"wp","href":"https:\/\/api.w.org\/{rel}","templated":true}]}}