{"id":5242,"date":"2024-11-13T11:11:05","date_gmt":"2024-11-13T03:11:05","guid":{"rendered":"https:\/\/chemneo.com\/product\/5242.html"},"modified":"2024-11-13T11:11:06","modified_gmt":"2024-11-13T03:11:06","slug":"jasmine-oil-cas-8022-96-6","status":"publish","type":"product","link":"https:\/\/chemneo.com\/pt\/product\/5242.html","title":{"rendered":"JasMine Oil Cas 8022-96-6"},"content":{"rendered":"<p>Descri\u00e7\u00e3o<\/p>\n<p>\tJasMine Oil\u00a0Quick Details<br \/>\nChemical Name: JasMine Oil<br \/>\nSynonyms: Jasmin Absolute; Jasmine Flower Oil<br \/>\nCAS No.: 8022-96-6<br \/>\nMolecular Fomula: C10H16<br \/>\nChemical Structure: \/<br \/>\nMolecular weight:\u00a0136.23404<br \/>\nAspeto: L\u00edquido<br \/>\nEnsaio: \u226599.0%<br \/>\nJasMine Oil Typical Properties<\/p>\n<p>ITEMS<br \/>\nSPECIFICATION<\/p>\n<p>Densidade<br \/>\n0.947 g\/mL at 25 \u00b0C (lit.)<\/p>\n<p>\u00cdndice de refra\u00e7\u00e3o<br \/>\nn20\/D 1.50(lit.)<\/p>\n<p>Fragrance<br \/>\nfloral<\/p>\n<p>Ponto de inflama\u00e7\u00e3o<br \/>\n185\u00a0\u00b0F<\/p>\n<p>JasMine Oil application:<br \/>\nJasmine oil is a fragrance for cosmetics, used in the preparation of high-grade essences, and can also be used as a fragrance for soap. Jasmine oil can be used in food.<br \/>\nJasMine Oil Packaging and Shipping\u00a0<br \/>\ncustomized according to customer needs.<br \/>\nJasMine Oil\u00a0Storage<br \/>\nIt should be stored in a clean, dry and cool place, preventing from sunlight, rain.<\/p>","protected":false},"excerpt":{"rendered":"<p>Chemical Name: JasMine Oil<br \/>\nSynonyms: Jasmin Absolute; Jasmine Flower Oil<br \/>\nCAS No.: 8022-96-6<br \/>\nMolecular Fomula: C10H16<br \/>\nChemical Structure: \/<br \/>\nMolecular weight:\u00a0136.23404<br \/>\nAspeto: L\u00edquido<\/p>","protected":false},"featured_media":5241,"comment_status":"open","ping_status":"closed","template":"","meta":[],"product_brand":[],"product_cat":[17],"product_tag":[],"class_list":{"0":"post-5242","1":"product","2":"type-product","3":"status-publish","4":"has-post-thumbnail","6":"product_cat-uncategorized","8":"first","9":"instock","10":"shipping-taxable","11":"product-type-simple"},"_links":{"self":[{"href":"https:\/\/chemneo.com\/pt\/wp-json\/wp\/v2\/product\/5242","targetHints":{"allow":["GET"]}}],"collection":[{"href":"https:\/\/chemneo.com\/pt\/wp-json\/wp\/v2\/product"}],"about":[{"href":"https:\/\/chemneo.com\/pt\/wp-json\/wp\/v2\/types\/product"}],"replies":[{"embeddable":true,"href":"https:\/\/chemneo.com\/pt\/wp-json\/wp\/v2\/comments?post=5242"}],"wp:featuredmedia":[{"embeddable":true,"href":"https:\/\/chemneo.com\/pt\/wp-json\/wp\/v2\/media\/5241"}],"wp:attachment":[{"href":"https:\/\/chemneo.com\/pt\/wp-json\/wp\/v2\/media?parent=5242"}],"wp:term":[{"taxonomy":"product_brand","embeddable":true,"href":"https:\/\/chemneo.com\/pt\/wp-json\/wp\/v2\/product_brand?post=5242"},{"taxonomy":"product_cat","embeddable":true,"href":"https:\/\/chemneo.com\/pt\/wp-json\/wp\/v2\/product_cat?post=5242"},{"taxonomy":"product_tag","embeddable":true,"href":"https:\/\/chemneo.com\/pt\/wp-json\/wp\/v2\/product_tag?post=5242"}],"curies":[{"name":"wp","href":"https:\/\/api.w.org\/{rel}","templated":true}]}}