{"id":5258,"date":"2024-11-13T11:11:19","date_gmt":"2024-11-13T03:11:19","guid":{"rendered":"https:\/\/chemneo.com\/product\/5258.html"},"modified":"2024-11-13T11:11:20","modified_gmt":"2024-11-13T03:11:20","slug":"pivaloyl-chloride-cas-3282-30-2","status":"publish","type":"product","link":"https:\/\/chemneo.com\/pt\/product\/5258.html","title":{"rendered":"Cloreto de pivalo\u00edlo CAS 3282-30-2"},"content":{"rendered":"<p>Descri\u00e7\u00e3o<\/p>\n<p>\tPivaloyl Chloride\u00a0Quick Details<br \/>\nChemical Name: Pivaloyl Chloride<br \/>\nCAS No.: 3282-30-2<br \/>\nMolecular Fomula: C5H9ClO<br \/>\nChemical Structure:<\/p>\n<p>Molecular weight:\u00a0120.58<br \/>\nTypical Properties<\/p>\n<p>ITEMS<br \/>\nSPECIFICATION<\/p>\n<p>Apar\u00eancia<br \/>\nClear colorless liquid<\/p>\n<p>Assay, %<br \/>\n99<\/p>\n<p>\u00a0<br \/>\nPivaloyl Chloride application:<br \/>\nPharmaceutical, Agrochemical, Polymer.<br \/>\nPackaging and Shipping\u00a0<br \/>\n5kg\/200kg drum.<br \/>\nPivaloyl Chloride\u00a0Storage<br \/>\nIt should be stored in a clean, dry and cool place, preventing from sunlight, rain.<\/p>","protected":false},"excerpt":{"rendered":"<p>Chemical Name: Pivaloyl Chloride<br \/>\nSynonyms: Trimethylacetyl chloride; Pivalic acid chloride; 2,2-Dimethylpropanoyl Chloride<br \/>\nCAS No.: 3282-30-2<br \/>\nMolecular Fomula: C5H9ClO<br \/>\nMolecular weight:\u00a0120.58<\/p>","protected":false},"featured_media":5257,"comment_status":"open","ping_status":"closed","template":"","meta":[],"product_brand":[],"product_cat":[17],"product_tag":[],"class_list":{"0":"post-5258","1":"product","2":"type-product","3":"status-publish","4":"has-post-thumbnail","6":"product_cat-uncategorized","8":"first","9":"instock","10":"shipping-taxable","11":"product-type-simple"},"_links":{"self":[{"href":"https:\/\/chemneo.com\/pt\/wp-json\/wp\/v2\/product\/5258","targetHints":{"allow":["GET"]}}],"collection":[{"href":"https:\/\/chemneo.com\/pt\/wp-json\/wp\/v2\/product"}],"about":[{"href":"https:\/\/chemneo.com\/pt\/wp-json\/wp\/v2\/types\/product"}],"replies":[{"embeddable":true,"href":"https:\/\/chemneo.com\/pt\/wp-json\/wp\/v2\/comments?post=5258"}],"wp:featuredmedia":[{"embeddable":true,"href":"https:\/\/chemneo.com\/pt\/wp-json\/wp\/v2\/media\/5257"}],"wp:attachment":[{"href":"https:\/\/chemneo.com\/pt\/wp-json\/wp\/v2\/media?parent=5258"}],"wp:term":[{"taxonomy":"product_brand","embeddable":true,"href":"https:\/\/chemneo.com\/pt\/wp-json\/wp\/v2\/product_brand?post=5258"},{"taxonomy":"product_cat","embeddable":true,"href":"https:\/\/chemneo.com\/pt\/wp-json\/wp\/v2\/product_cat?post=5258"},{"taxonomy":"product_tag","embeddable":true,"href":"https:\/\/chemneo.com\/pt\/wp-json\/wp\/v2\/product_tag?post=5258"}],"curies":[{"name":"wp","href":"https:\/\/api.w.org\/{rel}","templated":true}]}}