{"id":5260,"date":"2024-11-13T11:11:21","date_gmt":"2024-11-13T03:11:21","guid":{"rendered":"https:\/\/chemneo.com\/product\/5260.html"},"modified":"2024-11-13T11:11:22","modified_gmt":"2024-11-13T03:11:22","slug":"nickelii-oxide-cas-1313-99-1","status":"publish","type":"product","link":"https:\/\/chemneo.com\/pt\/product\/5260.html","title":{"rendered":"\u00d3xido de n\u00edquel(II) CAS 1313-99-1"},"content":{"rendered":"<p>Descri\u00e7\u00e3o<\/p>\n<p>\tNickel(II) oxide\u00a0Quick Details<br \/>\nChemical Name: Nickel(II) oxide<br \/>\nCAS No.: 1313-99-1<br \/>\nMolecular Fomula: NiO<br \/>\nChemical Structure:<\/p>\n<p>Molecular weight:\u00a074.69<br \/>\nAppearance:\u00a0Green powder<br \/>\nEnsaio: 99%<br \/>\nTypical Properties<\/p>\n<p>ITEMS<br \/>\nSPECIFICATION<\/p>\n<p>Densidade<br \/>\n6.67\u00a0g\/mL\u00a0at 25\u00a0\u00b0C(lit.)<\/p>\n<p>Solubilidade<br \/>\nInsoluble in water; soluble in acid solution<\/p>\n<p>Melt point<br \/>\n1960 \u00b0C<\/p>\n<p>Merck<br \/>\n14,6512<\/p>\n<p>\u00a0<br \/>\nNickel(II) oxide application<br \/>\nNickel(II) oxide\u00a0used in the production of nickel salts, ceramics, glass, catalysts, magnetic materials, etc<br \/>\nPackaging and Shipping\u00a0<br \/>\ncustomized according to customer needs.<br \/>\nNickel(II) oxide\u00a0Storage<br \/>\nIt should be stored in a clean, dry and cool place, preventing from sunlight, rain.<\/p>","protected":false},"excerpt":{"rendered":"<p>Chemical Name: Nickel(II) oxide<br \/>\nSynonyms: Nickelous oxide; Nickel monoxide; Nickelous monoxide<br \/>\nCAS No.: 1313-99-1<br \/>\nMolecular Fomula: NiO<br \/>\nMolecular weight:\u00a074.69<br \/>\nAppearance:\u00a0Green powder<br \/>\nEnsaio: 99%<\/p>","protected":false},"featured_media":5259,"comment_status":"open","ping_status":"closed","template":"","meta":[],"product_brand":[],"product_cat":[17],"product_tag":[],"class_list":{"0":"post-5260","1":"product","2":"type-product","3":"status-publish","4":"has-post-thumbnail","6":"product_cat-uncategorized","8":"first","9":"instock","10":"shipping-taxable","11":"product-type-simple"},"_links":{"self":[{"href":"https:\/\/chemneo.com\/pt\/wp-json\/wp\/v2\/product\/5260","targetHints":{"allow":["GET"]}}],"collection":[{"href":"https:\/\/chemneo.com\/pt\/wp-json\/wp\/v2\/product"}],"about":[{"href":"https:\/\/chemneo.com\/pt\/wp-json\/wp\/v2\/types\/product"}],"replies":[{"embeddable":true,"href":"https:\/\/chemneo.com\/pt\/wp-json\/wp\/v2\/comments?post=5260"}],"wp:featuredmedia":[{"embeddable":true,"href":"https:\/\/chemneo.com\/pt\/wp-json\/wp\/v2\/media\/5259"}],"wp:attachment":[{"href":"https:\/\/chemneo.com\/pt\/wp-json\/wp\/v2\/media?parent=5260"}],"wp:term":[{"taxonomy":"product_brand","embeddable":true,"href":"https:\/\/chemneo.com\/pt\/wp-json\/wp\/v2\/product_brand?post=5260"},{"taxonomy":"product_cat","embeddable":true,"href":"https:\/\/chemneo.com\/pt\/wp-json\/wp\/v2\/product_cat?post=5260"},{"taxonomy":"product_tag","embeddable":true,"href":"https:\/\/chemneo.com\/pt\/wp-json\/wp\/v2\/product_tag?post=5260"}],"curies":[{"name":"wp","href":"https:\/\/api.w.org\/{rel}","templated":true}]}}