{"id":5298,"date":"2024-11-13T11:11:56","date_gmt":"2024-11-13T03:11:56","guid":{"rendered":"https:\/\/chemneo.com\/product\/5298.html"},"modified":"2024-11-13T11:11:58","modified_gmt":"2024-11-13T03:11:58","slug":"235-triiodobenzoic-acid-cas-88-82-4","status":"publish","type":"product","link":"https:\/\/chemneo.com\/pt\/product\/5298.html","title":{"rendered":"\u00c1cido 2,3,5-triiodobenz\u00f3ico Cas 88-82-4"},"content":{"rendered":"<p>Descri\u00e7\u00e3o<\/p>\n<p>\t2,3,5-Triiodobenzoic acid\u00a0Details<br \/>\nChemical Name:\u00a02,3,5-Triiodobenzoic acid<br \/>\nSynonyms: Triiodobenzoicacid; 2,3,5-Iodobenzoic acid<br \/>\nCAS No.: 88-82-4<br \/>\nMolecular Formula: C7H3I3O2<br \/>\nMolecular Weight: 499.81<br \/>\nMolecular\u00a0Structure:<\/p>\n<p>Aspeto: S\u00f3lido<br \/>\n2,3,5-Triiodobenzoic acid\u00a0Typical Properties<\/p>\n<p>Melting point<br \/>\n220-222 \u00b0C (lit.)<\/p>\n<p>Ponto de ebuli\u00e7\u00e3o<br \/>\n456.7\u00b145.0 \u00b0C(Predicted)<\/p>\n<p>Densidade<br \/>\n2.7985 (estimate)<\/p>\n<p>Water Solubility<br \/>\nInsol\u00favel<\/p>\n<p>Armazenamento<br \/>\n-20\u00b0C<\/p>\n<p>Apar\u00eancia<br \/>\nSolid<\/p>\n<p>Colour<br \/>\nLight Brown<\/p>\n<p>Acidity coefficient (pKa)<br \/>\n2.16\u00b10.10(Predicted)<\/p>\n<p>2,3,5-Triiodobenzoic acid\u00a0Usage<br \/>\nUsed as plant growth regulator<br \/>\n2,3,5-Triiodobenzoic acid\u00a0Packaging and Shipping<br \/>\nPacking: 25KG\/Drum<br \/>\n2,3,5-Triiodobenzoic acid\u00a0Storage<br \/>\nKeep in a well-closed, light-resistant, dry and cool place.<\/p>","protected":false},"excerpt":{"rendered":"<p>Chemical Name:\u00a02,3,5-Triiodobenzoic acid<br \/>\nSynonyms: Triiodobenzoicacid; 2,3,5-Iodobenzoic acid<br \/>\nCAS No.: 88-82-4<br \/>\nMolecular Formula: C7H3I3O2<br \/>\nMolecular Weight: 499.81<\/p>","protected":false},"featured_media":5297,"comment_status":"open","ping_status":"closed","template":"","meta":[],"product_brand":[],"product_cat":[17],"product_tag":[],"class_list":{"0":"post-5298","1":"product","2":"type-product","3":"status-publish","4":"has-post-thumbnail","6":"product_cat-uncategorized","8":"first","9":"instock","10":"shipping-taxable","11":"product-type-simple"},"_links":{"self":[{"href":"https:\/\/chemneo.com\/pt\/wp-json\/wp\/v2\/product\/5298","targetHints":{"allow":["GET"]}}],"collection":[{"href":"https:\/\/chemneo.com\/pt\/wp-json\/wp\/v2\/product"}],"about":[{"href":"https:\/\/chemneo.com\/pt\/wp-json\/wp\/v2\/types\/product"}],"replies":[{"embeddable":true,"href":"https:\/\/chemneo.com\/pt\/wp-json\/wp\/v2\/comments?post=5298"}],"wp:featuredmedia":[{"embeddable":true,"href":"https:\/\/chemneo.com\/pt\/wp-json\/wp\/v2\/media\/5297"}],"wp:attachment":[{"href":"https:\/\/chemneo.com\/pt\/wp-json\/wp\/v2\/media?parent=5298"}],"wp:term":[{"taxonomy":"product_brand","embeddable":true,"href":"https:\/\/chemneo.com\/pt\/wp-json\/wp\/v2\/product_brand?post=5298"},{"taxonomy":"product_cat","embeddable":true,"href":"https:\/\/chemneo.com\/pt\/wp-json\/wp\/v2\/product_cat?post=5298"},{"taxonomy":"product_tag","embeddable":true,"href":"https:\/\/chemneo.com\/pt\/wp-json\/wp\/v2\/product_tag?post=5298"}],"curies":[{"name":"wp","href":"https:\/\/api.w.org\/{rel}","templated":true}]}}