{"id":5410,"date":"2024-11-13T11:13:37","date_gmt":"2024-11-13T03:13:37","guid":{"rendered":"https:\/\/chemneo.com\/product\/5410.html"},"modified":"2024-11-13T11:13:38","modified_gmt":"2024-11-13T03:13:38","slug":"4-naphthalen-2-ylphenylboronic-acid-cas-918655-03-5","status":"publish","type":"product","link":"https:\/\/chemneo.com\/pt\/product\/5410.html","title":{"rendered":"\u00c1cido 4-(naftaleno-2-il)fenilbor\u00f3nico CAS 918655-03-5"},"content":{"rendered":"<p>Descri\u00e7\u00e3o<\/p>\n<p>\t4-(Naphthalen-2-Yl)Phenylboronic Acid\u00a0Details<br \/>\nChemical Name:4-(Naphthalen-2-Yl)Phenylboronic Acid<br \/>\nCas No.: 918655-03-5<br \/>\nMolecular Fomula: C16H13Bo2<br \/>\nChemical Structure:<br \/>\nMolecular Weight: 248.08<br \/>\nAspeto: P\u00f3 branco<br \/>\nEnsaio\uff1a\u226598.0%<br \/>\n4-(Naphthalen-2-Yl)Phenylboronic Acid\u00a0Properties<\/p>\n<p>Items<br \/>\nEspecifica\u00e7\u00e3o<\/p>\n<p>Ensaio<br \/>\n\u226598.0%<\/p>\n<p>Moisture<br \/>\n\u22640.5<\/p>\n<p>4-(Naphthalen-2-Yl)Phenylboronic Acid\u00a0Application:<br \/>\n4-(Naphthalene-2-)Phenylboronic Acid, As a Polyhydroxy Compound Identifier, Is Widely Used In Biomedical Fields Such As Hydrogels, Sensors, And Cancer Treatment.<br \/>\n4-(Naphthalen-2-Yl)Phenylboronic Acid\u00a0Packaging And Shipping\u00a0<br \/>\n25kg\/Drum;Customized According To Customer Needs.<br \/>\n4-(Naphthalen-2-Yl)Phenylboronic Acid\u00a0Storage<br \/>\nIt Should Be Stored In a Clean, Dry And Cool Place, Preventing From Sunlight, Rain.<\/p>","protected":false},"excerpt":{"rendered":"<p>Chemical Name:4-(Naphthalen-2-Yl)Phenylboronic Acid<br \/>\nCas No.: 918655-03-5<br \/>\nAspeto: P\u00f3 branco<br \/>\nEnsaio\uff1a\u226598.0%<\/p>","protected":false},"featured_media":5409,"comment_status":"open","ping_status":"closed","template":"","meta":[],"product_brand":[],"product_cat":[17],"product_tag":[],"class_list":{"0":"post-5410","1":"product","2":"type-product","3":"status-publish","4":"has-post-thumbnail","6":"product_cat-uncategorized","8":"first","9":"instock","10":"shipping-taxable","11":"product-type-simple"},"_links":{"self":[{"href":"https:\/\/chemneo.com\/pt\/wp-json\/wp\/v2\/product\/5410","targetHints":{"allow":["GET"]}}],"collection":[{"href":"https:\/\/chemneo.com\/pt\/wp-json\/wp\/v2\/product"}],"about":[{"href":"https:\/\/chemneo.com\/pt\/wp-json\/wp\/v2\/types\/product"}],"replies":[{"embeddable":true,"href":"https:\/\/chemneo.com\/pt\/wp-json\/wp\/v2\/comments?post=5410"}],"wp:featuredmedia":[{"embeddable":true,"href":"https:\/\/chemneo.com\/pt\/wp-json\/wp\/v2\/media\/5409"}],"wp:attachment":[{"href":"https:\/\/chemneo.com\/pt\/wp-json\/wp\/v2\/media?parent=5410"}],"wp:term":[{"taxonomy":"product_brand","embeddable":true,"href":"https:\/\/chemneo.com\/pt\/wp-json\/wp\/v2\/product_brand?post=5410"},{"taxonomy":"product_cat","embeddable":true,"href":"https:\/\/chemneo.com\/pt\/wp-json\/wp\/v2\/product_cat?post=5410"},{"taxonomy":"product_tag","embeddable":true,"href":"https:\/\/chemneo.com\/pt\/wp-json\/wp\/v2\/product_tag?post=5410"}],"curies":[{"name":"wp","href":"https:\/\/api.w.org\/{rel}","templated":true}]}}