{"id":5532,"date":"2024-11-13T11:15:28","date_gmt":"2024-11-13T03:15:28","guid":{"rendered":"https:\/\/chemneo.com\/product\/5532.html"},"modified":"2024-11-13T11:15:29","modified_gmt":"2024-11-13T03:15:29","slug":"2-isobutylthiazole-cas-18640-74-9","status":"publish","type":"product","link":"https:\/\/chemneo.com\/pt\/product\/5532.html","title":{"rendered":"2-Isobutylthiazole CAS 18640-74-9"},"content":{"rendered":"<p>Descri\u00e7\u00e3o<\/p>\n<p>\t2-Isobutylthiazole Details<br \/>\nChemical Name: 2-Isobutylthiazole<br \/>\nCAS No.: 18640-74-9<br \/>\nMolecular Formula: C7H11NS<br \/>\nMolecular Weight: 141.23<br \/>\nMolecular\u00a0Structure:<br \/>\nAspeto: L\u00edquido<br \/>\n2-Isobutylthiazole Typical Properties<\/p>\n<p>Ponto de ebuli\u00e7\u00e3o<br \/>\n180 \u00b0C (lit.)<\/p>\n<p>Densidade<br \/>\n0.995 g\/mL at 25 \u00b0C (lit.)<\/p>\n<p>Apar\u00eancia<br \/>\nL\u00edquido<\/p>\n<p>Colour<br \/>\nTransparent<\/p>\n<p>\u00cdndice de refra\u00e7\u00e3o<br \/>\nn20\/D 1.495(lit.)<\/p>\n<p>Ponto de inflama\u00e7\u00e3o<br \/>\n136\u00a0\u00b0F<\/p>\n<p>Armazenamento<br \/>\nInert atmosphere,Room Temperature<\/p>\n<p>2-Isobutylthiazole Usage<br \/>\nMainly used as edible flavors and food additives.<br \/>\n2-Isobutylthiazole Packaging and Shipping<br \/>\nPacking: 25KG\/Drum<br \/>\n2-Isobutylthiazole Storage<br \/>\nKeep in a well-closed,light-resistant, dry and cool place.<\/p>","protected":false},"excerpt":{"rendered":"<p>Chemical Name: 2-Isobutylthiazole<br \/>\nCAS No.: 18640-74-9<br \/>\nMolecular Formula: C7H11NS<br \/>\nMolecular Weight: 141.23<br \/>\nAspeto: L\u00edquido<\/p>","protected":false},"featured_media":5531,"comment_status":"open","ping_status":"closed","template":"","meta":[],"product_brand":[],"product_cat":[17],"product_tag":[],"class_list":{"0":"post-5532","1":"product","2":"type-product","3":"status-publish","4":"has-post-thumbnail","6":"product_cat-uncategorized","8":"first","9":"instock","10":"shipping-taxable","11":"product-type-simple"},"_links":{"self":[{"href":"https:\/\/chemneo.com\/pt\/wp-json\/wp\/v2\/product\/5532","targetHints":{"allow":["GET"]}}],"collection":[{"href":"https:\/\/chemneo.com\/pt\/wp-json\/wp\/v2\/product"}],"about":[{"href":"https:\/\/chemneo.com\/pt\/wp-json\/wp\/v2\/types\/product"}],"replies":[{"embeddable":true,"href":"https:\/\/chemneo.com\/pt\/wp-json\/wp\/v2\/comments?post=5532"}],"wp:featuredmedia":[{"embeddable":true,"href":"https:\/\/chemneo.com\/pt\/wp-json\/wp\/v2\/media\/5531"}],"wp:attachment":[{"href":"https:\/\/chemneo.com\/pt\/wp-json\/wp\/v2\/media?parent=5532"}],"wp:term":[{"taxonomy":"product_brand","embeddable":true,"href":"https:\/\/chemneo.com\/pt\/wp-json\/wp\/v2\/product_brand?post=5532"},{"taxonomy":"product_cat","embeddable":true,"href":"https:\/\/chemneo.com\/pt\/wp-json\/wp\/v2\/product_cat?post=5532"},{"taxonomy":"product_tag","embeddable":true,"href":"https:\/\/chemneo.com\/pt\/wp-json\/wp\/v2\/product_tag?post=5532"}],"curies":[{"name":"wp","href":"https:\/\/api.w.org\/{rel}","templated":true}]}}