{"id":5552,"date":"2024-11-13T11:15:46","date_gmt":"2024-11-13T03:15:46","guid":{"rendered":"https:\/\/chemneo.com\/product\/5552.html"},"modified":"2024-11-13T11:15:47","modified_gmt":"2024-11-13T03:15:47","slug":"dl-citrulline-cas-627-77-0","status":"publish","type":"product","link":"https:\/\/chemneo.com\/pt\/product\/5552.html","title":{"rendered":"DL-Citrulina Cas 627-77-0"},"content":{"rendered":"<p>Descri\u00e7\u00e3o<\/p>\n<p>\tDL-citrulline Quick Details<br \/>\nDenomina\u00e7\u00e3o qu\u00edmica: dl-citrulina<br \/>\nN.\u00ba CAS: 627-77-0<br \/>\nF\u00f3rmula molecular: C6H13N3O3<br \/>\nChemical Structure:<\/p>\n<p>Peso molecular: 175,19<br \/>\nAspeto: P\u00f3 cristalino branco<br \/>\nEnsaio\uff1a\u226599.0%<br \/>\nDL-citrulline Typical Properties<\/p>\n<p>ITEMS<br \/>\nSPECIFICATION<\/p>\n<p>Melting point<br \/>\n242-244 \u00b0C (dec.)<\/p>\n<p>Ponto de ebuli\u00e7\u00e3o<br \/>\n386.7\u00b142.0 \u00b0C(Predicted)<\/p>\n<p>densidade<br \/>\n1.289\u00b10.06 g\/cm3(Predicted)<\/p>\n<p>DL-citrulline application:<br \/>\nCosmetics: It has the properties of moisturizing and enhancing skin elasticity, and is often used in cosmetics and skin care products.<br \/>\nFood additives: It can be used as a food additive to enhance the aroma and taste of food and improve the quality of food.<br \/>\nBiochemical research: As a biochemical reagent, it is used in a variety of scientific research<br \/>\nDL-citrulline Packaging and Shipping\u00a0<br \/>\ncustomized according to customer needs.<br \/>\nDL-citrulline Storage<br \/>\nIt should be stored in a clean, dry and cool place, preventing from sunlight, rain.<\/p>","protected":false},"excerpt":{"rendered":"<p>Denomina\u00e7\u00e3o qu\u00edmica: dl-citrulina<br \/>\nN.\u00ba CAS: 627-77-0<br \/>\nF\u00f3rmula molecular: C6H13N3O3<br \/>\nPeso molecular: 175,19<br \/>\nAspeto: P\u00f3 cristalino branco<br \/>\nEnsaio\uff1a\u226599.0%<\/p>","protected":false},"featured_media":5551,"comment_status":"open","ping_status":"closed","template":"","meta":[],"product_brand":[],"product_cat":[17],"product_tag":[],"class_list":{"0":"post-5552","1":"product","2":"type-product","3":"status-publish","4":"has-post-thumbnail","6":"product_cat-uncategorized","8":"first","9":"instock","10":"shipping-taxable","11":"product-type-simple"},"_links":{"self":[{"href":"https:\/\/chemneo.com\/pt\/wp-json\/wp\/v2\/product\/5552","targetHints":{"allow":["GET"]}}],"collection":[{"href":"https:\/\/chemneo.com\/pt\/wp-json\/wp\/v2\/product"}],"about":[{"href":"https:\/\/chemneo.com\/pt\/wp-json\/wp\/v2\/types\/product"}],"replies":[{"embeddable":true,"href":"https:\/\/chemneo.com\/pt\/wp-json\/wp\/v2\/comments?post=5552"}],"wp:featuredmedia":[{"embeddable":true,"href":"https:\/\/chemneo.com\/pt\/wp-json\/wp\/v2\/media\/5551"}],"wp:attachment":[{"href":"https:\/\/chemneo.com\/pt\/wp-json\/wp\/v2\/media?parent=5552"}],"wp:term":[{"taxonomy":"product_brand","embeddable":true,"href":"https:\/\/chemneo.com\/pt\/wp-json\/wp\/v2\/product_brand?post=5552"},{"taxonomy":"product_cat","embeddable":true,"href":"https:\/\/chemneo.com\/pt\/wp-json\/wp\/v2\/product_cat?post=5552"},{"taxonomy":"product_tag","embeddable":true,"href":"https:\/\/chemneo.com\/pt\/wp-json\/wp\/v2\/product_tag?post=5552"}],"curies":[{"name":"wp","href":"https:\/\/api.w.org\/{rel}","templated":true}]}}