{"id":5554,"date":"2024-11-13T11:15:48","date_gmt":"2024-11-13T03:15:48","guid":{"rendered":"https:\/\/chemneo.com\/product\/5554.html"},"modified":"2024-11-13T11:15:49","modified_gmt":"2024-11-13T03:15:49","slug":"1-propoxy-2-propanol-cas-1569-01-3","status":"publish","type":"product","link":"https:\/\/chemneo.com\/pt\/product\/5554.html","title":{"rendered":"1-PROPOXY-2-PROPANOL CAS 1569-01-3"},"content":{"rendered":"<p>Descri\u00e7\u00e3o<\/p>\n<p>\t1-PROPOXY-2-PROPANOL Details<br \/>\nChemical Name: 1-PROPOXY-2-PROPANOL<br \/>\nCAS No.: 1569-01-3<br \/>\nMolecular Formula: C6H14O2<br \/>\nMolecular Weight: 118.17<br \/>\nMolecular\u00a0Structure:<br \/>\nAspeto: L\u00edquido<br \/>\n1-PROPOXY-2-PROPANOL Typical Properties<\/p>\n<p>Ponto de fus\u00e3o<br \/>\n-80\u00b0C<\/p>\n<p>Ponto de ebuli\u00e7\u00e3o<br \/>\n140-160\u00a0\u00b0C(lit.)<\/p>\n<p>Densidade<br \/>\n0.885\u00a0g\/mL\u00a0at 25\u00a0\u00b0C(lit.)<\/p>\n<p>Apar\u00eancia<br \/>\nL\u00edquido<\/p>\n<p>Colour<br \/>\nTransparent<\/p>\n<p>\u00cdndice de refra\u00e7\u00e3o<br \/>\nn20\/D 1.411(lit.)<\/p>\n<p>Ponto de inflama\u00e7\u00e3o<br \/>\n119\u00a0\u00b0F<\/p>\n<p>1-PROPOXY-2-PROPANOL Usage<br \/>\nMainly used in cleaning agents.<br \/>\n1-PROPOXY-2-PROPANOL Packaging and Shipping<br \/>\nPacking: 25KG\/Drum<br \/>\n1-PROPOXY-2-PROPANOL Storage<br \/>\nKeep in a well-closed,light-resistant, dry and cool place.<\/p>","protected":false},"excerpt":{"rendered":"<p>Chemical Name: 1-PROPOXY-2-PROPANOL<br \/>\nCAS No.: 1569-01-3<br \/>\nMolecular Formula: C6H14O2<br \/>\nMolecular Weight: 118.17<br \/>\nAspeto: L\u00edquido<\/p>","protected":false},"featured_media":5553,"comment_status":"open","ping_status":"closed","template":"","meta":[],"product_brand":[],"product_cat":[17],"product_tag":[],"class_list":{"0":"post-5554","1":"product","2":"type-product","3":"status-publish","4":"has-post-thumbnail","6":"product_cat-uncategorized","8":"first","9":"instock","10":"shipping-taxable","11":"product-type-simple"},"_links":{"self":[{"href":"https:\/\/chemneo.com\/pt\/wp-json\/wp\/v2\/product\/5554","targetHints":{"allow":["GET"]}}],"collection":[{"href":"https:\/\/chemneo.com\/pt\/wp-json\/wp\/v2\/product"}],"about":[{"href":"https:\/\/chemneo.com\/pt\/wp-json\/wp\/v2\/types\/product"}],"replies":[{"embeddable":true,"href":"https:\/\/chemneo.com\/pt\/wp-json\/wp\/v2\/comments?post=5554"}],"wp:featuredmedia":[{"embeddable":true,"href":"https:\/\/chemneo.com\/pt\/wp-json\/wp\/v2\/media\/5553"}],"wp:attachment":[{"href":"https:\/\/chemneo.com\/pt\/wp-json\/wp\/v2\/media?parent=5554"}],"wp:term":[{"taxonomy":"product_brand","embeddable":true,"href":"https:\/\/chemneo.com\/pt\/wp-json\/wp\/v2\/product_brand?post=5554"},{"taxonomy":"product_cat","embeddable":true,"href":"https:\/\/chemneo.com\/pt\/wp-json\/wp\/v2\/product_cat?post=5554"},{"taxonomy":"product_tag","embeddable":true,"href":"https:\/\/chemneo.com\/pt\/wp-json\/wp\/v2\/product_tag?post=5554"}],"curies":[{"name":"wp","href":"https:\/\/api.w.org\/{rel}","templated":true}]}}