{"id":5562,"date":"2024-11-13T11:15:55","date_gmt":"2024-11-13T03:15:55","guid":{"rendered":"https:\/\/chemneo.com\/product\/5562.html"},"modified":"2024-11-13T11:15:56","modified_gmt":"2024-11-13T03:15:56","slug":"2-methoxythiophene-cas-16629-19-9","status":"publish","type":"product","link":"https:\/\/chemneo.com\/pt\/product\/5562.html","title":{"rendered":"2-Metoxitiofeno Cas 16629-19-9"},"content":{"rendered":"<p>Descri\u00e7\u00e3o<\/p>\n<p>\t2-Methoxythiophene\u00a0Quick Details<br \/>\nDenomina\u00e7\u00e3o qu\u00edmica: 2-Metoxitiofeno<br \/>\nOutro nome: Cloreto de tiofeno-2-sulfonilo<br \/>\nN.\u00ba CAS: 16629-19-9<br \/>\nF\u00f3rmula molecular: C5H6OS<br \/>\nChemical Structure:<\/p>\n<p>Peso molecular: 114,17<br \/>\nAspeto: l\u00edquido incolor<br \/>\nEnsaio\uff1a\u226599.0%<br \/>\n2-MethoxythiopheneTypical Properties<\/p>\n<p>ITEMS<br \/>\nSPECIFICATION<\/p>\n<p>Densidade<br \/>\n0.97<\/p>\n<p>Ponto de ebuli\u00e7\u00e3o<br \/>\n104\u00b0C<\/p>\n<p>Melt point<br \/>\n108.6\u00b0<\/p>\n<p>Ponto de inflama\u00e7\u00e3o<br \/>\n229\u00a0\u00b0F<\/p>\n<p>2-Methoxythiophene\u00a0application:<br \/>\n2-thiophene sulfonyl chloride is a compound used in the preparation of various drugs. 2-thiophene sulfonyl chloride is used as an intermediate in the synthesis of \u03b2-cell apoptosis inhibitors.<br \/>\n2-Methoxythiophene\u00a0Packaging and Shipping\u00a0<br \/>\ncustomized according to customer needs.<br \/>\n2-Methoxythiophene\u00a0\u00a0Storage<br \/>\nIt should be stored in a clean, dry and cool place, preventing from sunlight, rain.<\/p>","protected":false},"excerpt":{"rendered":"<p>Denomina\u00e7\u00e3o qu\u00edmica: 2-Metoxitiofeno<br \/>\nOutro nome: Cloreto de tiofeno-2-sulfonilo<br \/>\nN.\u00ba CAS: 16629-19-9<br \/>\nF\u00f3rmula molecular: C5H6OS<br \/>\nPeso molecular: 114,17<br \/>\nAspeto: l\u00edquido incolor<br \/>\nEnsaio\uff1a\u226599.0%<\/p>","protected":false},"featured_media":5561,"comment_status":"open","ping_status":"closed","template":"","meta":[],"product_brand":[],"product_cat":[17],"product_tag":[],"class_list":{"0":"post-5562","1":"product","2":"type-product","3":"status-publish","4":"has-post-thumbnail","6":"product_cat-uncategorized","8":"first","9":"instock","10":"shipping-taxable","11":"product-type-simple"},"_links":{"self":[{"href":"https:\/\/chemneo.com\/pt\/wp-json\/wp\/v2\/product\/5562","targetHints":{"allow":["GET"]}}],"collection":[{"href":"https:\/\/chemneo.com\/pt\/wp-json\/wp\/v2\/product"}],"about":[{"href":"https:\/\/chemneo.com\/pt\/wp-json\/wp\/v2\/types\/product"}],"replies":[{"embeddable":true,"href":"https:\/\/chemneo.com\/pt\/wp-json\/wp\/v2\/comments?post=5562"}],"wp:featuredmedia":[{"embeddable":true,"href":"https:\/\/chemneo.com\/pt\/wp-json\/wp\/v2\/media\/5561"}],"wp:attachment":[{"href":"https:\/\/chemneo.com\/pt\/wp-json\/wp\/v2\/media?parent=5562"}],"wp:term":[{"taxonomy":"product_brand","embeddable":true,"href":"https:\/\/chemneo.com\/pt\/wp-json\/wp\/v2\/product_brand?post=5562"},{"taxonomy":"product_cat","embeddable":true,"href":"https:\/\/chemneo.com\/pt\/wp-json\/wp\/v2\/product_cat?post=5562"},{"taxonomy":"product_tag","embeddable":true,"href":"https:\/\/chemneo.com\/pt\/wp-json\/wp\/v2\/product_tag?post=5562"}],"curies":[{"name":"wp","href":"https:\/\/api.w.org\/{rel}","templated":true}]}}