{"id":5582,"date":"2024-11-13T11:16:14","date_gmt":"2024-11-13T03:16:14","guid":{"rendered":"https:\/\/chemneo.com\/product\/5582.html"},"modified":"2024-11-13T11:16:15","modified_gmt":"2024-11-13T03:16:15","slug":"difurfuryl-disulfide-cas-4437-20-1","status":"publish","type":"product","link":"https:\/\/chemneo.com\/pt\/product\/5582.html","title":{"rendered":"Difurfuryl disulfide CAS 4437-20-1"},"content":{"rendered":"<p>Descri\u00e7\u00e3o<\/p>\n<p>\tDifurfuryl disulfide Details<br \/>\nChemical Name: Difurfuryl disulfide<br \/>\nCAS No.: 4437-20-1<br \/>\nMolecular Formula: C10H10O2S2<br \/>\nMolecular Weight: 226.32<br \/>\nMolecular Structure:<br \/>\nAspeto: L\u00edquido<br \/>\nDifurfuryl disulfide Typical Properties<\/p>\n<p>Ponto de fus\u00e3o<br \/>\n10-11 \u00b0C (lit.)<\/p>\n<p>Ponto de ebuli\u00e7\u00e3o<br \/>\n112-115 \u00b0C\/0.5 mmHg (lit.)<\/p>\n<p>Densidade<br \/>\n1.233 g\/mL at 25 \u00b0C (lit.)<\/p>\n<p>Apar\u00eancia<br \/>\nL\u00edquido<\/p>\n<p>Colour<br \/>\nYellow<\/p>\n<p>\u00cdndice de refra\u00e7\u00e3o<br \/>\nn20\/D 1.585(lit.)<\/p>\n<p>Difurfuryl disulfide Usage<br \/>\nCan be used to prepare various edible flavors.<br \/>\nDifurfuryl disulfide Packaging and Shipping<br \/>\nPacking: 25KG\/Drum<br \/>\nDifurfuryl disulfide Storage<br \/>\nKeep in a well-closed,light-resistant, dry and cool place.<\/p>","protected":false},"excerpt":{"rendered":"<p>Chemical Name: Difurfuryl disulfide<br \/>\nCAS No.: 4437-20-1<br \/>\nMolecular Formula: C10H10O2S2<br \/>\nMolecular Weight: 226.32<br \/>\nAspeto: L\u00edquido<\/p>","protected":false},"featured_media":5581,"comment_status":"open","ping_status":"closed","template":"","meta":[],"product_brand":[],"product_cat":[17],"product_tag":[],"class_list":{"0":"post-5582","1":"product","2":"type-product","3":"status-publish","4":"has-post-thumbnail","6":"product_cat-uncategorized","8":"first","9":"instock","10":"shipping-taxable","11":"product-type-simple"},"_links":{"self":[{"href":"https:\/\/chemneo.com\/pt\/wp-json\/wp\/v2\/product\/5582","targetHints":{"allow":["GET"]}}],"collection":[{"href":"https:\/\/chemneo.com\/pt\/wp-json\/wp\/v2\/product"}],"about":[{"href":"https:\/\/chemneo.com\/pt\/wp-json\/wp\/v2\/types\/product"}],"replies":[{"embeddable":true,"href":"https:\/\/chemneo.com\/pt\/wp-json\/wp\/v2\/comments?post=5582"}],"wp:featuredmedia":[{"embeddable":true,"href":"https:\/\/chemneo.com\/pt\/wp-json\/wp\/v2\/media\/5581"}],"wp:attachment":[{"href":"https:\/\/chemneo.com\/pt\/wp-json\/wp\/v2\/media?parent=5582"}],"wp:term":[{"taxonomy":"product_brand","embeddable":true,"href":"https:\/\/chemneo.com\/pt\/wp-json\/wp\/v2\/product_brand?post=5582"},{"taxonomy":"product_cat","embeddable":true,"href":"https:\/\/chemneo.com\/pt\/wp-json\/wp\/v2\/product_cat?post=5582"},{"taxonomy":"product_tag","embeddable":true,"href":"https:\/\/chemneo.com\/pt\/wp-json\/wp\/v2\/product_tag?post=5582"}],"curies":[{"name":"wp","href":"https:\/\/api.w.org\/{rel}","templated":true}]}}