{"id":5628,"date":"2024-11-13T11:16:56","date_gmt":"2024-11-13T03:16:56","guid":{"rendered":"https:\/\/chemneo.com\/product\/5628.html"},"modified":"2024-11-13T11:16:57","modified_gmt":"2024-11-13T03:16:57","slug":"magnesium-ethoxide-cas-2414-98-4","status":"publish","type":"product","link":"https:\/\/chemneo.com\/pt\/product\/5628.html","title":{"rendered":"Etoxido de magn\u00e9sio CAS 2414-98-4"},"content":{"rendered":"<p>Descri\u00e7\u00e3o<\/p>\n<p>\tMagnesium Ethoxide Details<br \/>\nChemical Name: Magnesium Ethoxide<br \/>\nCAS No.: 2414-98-4<br \/>\nMolecular Formula: C4H10MgO2<br \/>\nMolecular Weight: 114.43<br \/>\nMolecular\u00a0Structure:<br \/>\nAspeto: P\u00f3<br \/>\nMagnesium Ethoxide Typical Properties<\/p>\n<p>Densidade<br \/>\n1,01 g\/cm3<\/p>\n<p>Ponto de fus\u00e3o<br \/>\n270\u00b0C<\/p>\n<p>Ponto de inflama\u00e7\u00e3o<br \/>\n>43\u00b0C<\/p>\n<p>Apar\u00eancia<br \/>\nP\u00f3<\/p>\n<p>Colour<br \/>\nWhite to light grey<\/p>\n<p>Solubilidade<br \/>\nInsoluble in water<\/p>\n<p>Estabilidade<br \/>\nStable<\/p>\n<p>Magnesium Ethoxide Usage<br \/>\nMainly used in pharmaceutical industry and organic synthesis.<br \/>\nMagnesium Ethoxide Packaging and Shipping<br \/>\nPacking: 25KG\/Drum<br \/>\nMagnesium Ethoxide Storage<br \/>\nKeep in a well-closed,light-resistant, dry and cool place.<\/p>","protected":false},"excerpt":{"rendered":"<p>Chemical Name: Magnesium Ethoxide<br \/>\nCAS No.: 2414-98-4<br \/>\nMolecular Formula: C4H10MgO2<br \/>\nMolecular Weight: 114.43<br \/>\nAspeto: P\u00f3<\/p>","protected":false},"featured_media":5627,"comment_status":"open","ping_status":"closed","template":"","meta":[],"product_brand":[],"product_cat":[17],"product_tag":[],"class_list":{"0":"post-5628","1":"product","2":"type-product","3":"status-publish","4":"has-post-thumbnail","6":"product_cat-uncategorized","8":"first","9":"instock","10":"shipping-taxable","11":"product-type-simple"},"_links":{"self":[{"href":"https:\/\/chemneo.com\/pt\/wp-json\/wp\/v2\/product\/5628","targetHints":{"allow":["GET"]}}],"collection":[{"href":"https:\/\/chemneo.com\/pt\/wp-json\/wp\/v2\/product"}],"about":[{"href":"https:\/\/chemneo.com\/pt\/wp-json\/wp\/v2\/types\/product"}],"replies":[{"embeddable":true,"href":"https:\/\/chemneo.com\/pt\/wp-json\/wp\/v2\/comments?post=5628"}],"wp:featuredmedia":[{"embeddable":true,"href":"https:\/\/chemneo.com\/pt\/wp-json\/wp\/v2\/media\/5627"}],"wp:attachment":[{"href":"https:\/\/chemneo.com\/pt\/wp-json\/wp\/v2\/media?parent=5628"}],"wp:term":[{"taxonomy":"product_brand","embeddable":true,"href":"https:\/\/chemneo.com\/pt\/wp-json\/wp\/v2\/product_brand?post=5628"},{"taxonomy":"product_cat","embeddable":true,"href":"https:\/\/chemneo.com\/pt\/wp-json\/wp\/v2\/product_cat?post=5628"},{"taxonomy":"product_tag","embeddable":true,"href":"https:\/\/chemneo.com\/pt\/wp-json\/wp\/v2\/product_tag?post=5628"}],"curies":[{"name":"wp","href":"https:\/\/api.w.org\/{rel}","templated":true}]}}