{"id":5632,"date":"2024-11-13T11:16:59","date_gmt":"2024-11-13T03:16:59","guid":{"rendered":"https:\/\/chemneo.com\/product\/5632.html"},"modified":"2024-11-13T11:17:00","modified_gmt":"2024-11-13T03:17:00","slug":"nickel-gluconate-cas-71957-07-8","status":"publish","type":"product","link":"https:\/\/chemneo.com\/pt\/product\/5632.html","title":{"rendered":"Gluconato de n\u00edquel CAS 71957-07-8"},"content":{"rendered":"<p>Descri\u00e7\u00e3o<\/p>\n<p>\tNickel gluconate Quick Details<br \/>\nChemical Name: Nickel gluconate<br \/>\nCAS No.: 71957-07-8<br \/>\nMolecular Fomula: C12H20NiO14<br \/>\nChemical Structure:<br \/>\nMolecular weight:\u00a0446.97<br \/>\nAppearance:\u00a0Green crystalline powder or crystalline granules<br \/>\nAssay: 97.0\uff5e102.0%<br \/>\nNickel gluconate\u00a0Typical Properties<\/p>\n<p>Test\u00a0item<br \/>\nEspecifica\u00e7\u00e3o <\/p>\n<p>Apar\u00eancia<br \/>\nGreen crystalline powder or crystalline granules<\/p>\n<p>Loss on drying<br \/>\n\u22643.0-12.0%<\/p>\n<p>Arsenic<br \/>\n\u22643ppm<\/p>\n<p>Lead<br \/>\n\u22640.001%<\/p>\n<p>Chloride<br \/>\n\u22640.07%<\/p>\n<p>Sulphate<br \/>\n\u22640.05%<\/p>\n<p>Reducing substances<br \/>\n\u22641.0%<\/p>\n<p>Conte\u00fado<br \/>\n97.0\uff5e102.0%<\/p>\n<p>\u00a0<br \/>\nNickel gluconate\u00a0application:<br \/>\nUsed as nutritional supplement and pharmaceutical intermediates.<br \/>\nNickel gluconate\u00a0Packaging and Shipping\u00a0<br \/>\nCustomized according to customer needs.<br \/>\nNickel gluconate\u00a0Storage<br \/>\nEnsure the room is cool, dry, dark and well ventilated.<\/p>","protected":false},"excerpt":{"rendered":"<p>Chemical Name: Nickel gluconate<br \/>\nCAS No.: 71957-07-8<br \/>\nMolecular Fomula: C12H20NiO14<br \/>\nMolecular weight:\u00a0446.97<br \/>\nAppearance:\u00a0Green crystalline powder or crystalline granules<br \/>\nAssay: 97.0\uff5e102.0%<\/p>","protected":false},"featured_media":5631,"comment_status":"open","ping_status":"closed","template":"","meta":[],"product_brand":[],"product_cat":[17],"product_tag":[],"class_list":{"0":"post-5632","1":"product","2":"type-product","3":"status-publish","4":"has-post-thumbnail","6":"product_cat-uncategorized","8":"first","9":"instock","10":"shipping-taxable","11":"product-type-simple"},"_links":{"self":[{"href":"https:\/\/chemneo.com\/pt\/wp-json\/wp\/v2\/product\/5632","targetHints":{"allow":["GET"]}}],"collection":[{"href":"https:\/\/chemneo.com\/pt\/wp-json\/wp\/v2\/product"}],"about":[{"href":"https:\/\/chemneo.com\/pt\/wp-json\/wp\/v2\/types\/product"}],"replies":[{"embeddable":true,"href":"https:\/\/chemneo.com\/pt\/wp-json\/wp\/v2\/comments?post=5632"}],"wp:featuredmedia":[{"embeddable":true,"href":"https:\/\/chemneo.com\/pt\/wp-json\/wp\/v2\/media\/5631"}],"wp:attachment":[{"href":"https:\/\/chemneo.com\/pt\/wp-json\/wp\/v2\/media?parent=5632"}],"wp:term":[{"taxonomy":"product_brand","embeddable":true,"href":"https:\/\/chemneo.com\/pt\/wp-json\/wp\/v2\/product_brand?post=5632"},{"taxonomy":"product_cat","embeddable":true,"href":"https:\/\/chemneo.com\/pt\/wp-json\/wp\/v2\/product_cat?post=5632"},{"taxonomy":"product_tag","embeddable":true,"href":"https:\/\/chemneo.com\/pt\/wp-json\/wp\/v2\/product_tag?post=5632"}],"curies":[{"name":"wp","href":"https:\/\/api.w.org\/{rel}","templated":true}]}}