{"id":5656,"date":"2024-11-13T11:17:22","date_gmt":"2024-11-13T03:17:22","guid":{"rendered":"https:\/\/chemneo.com\/product\/5656.html"},"modified":"2024-11-13T11:17:23","modified_gmt":"2024-11-13T03:17:23","slug":"patchouli-oil-cas-84238-39-1","status":"publish","type":"product","link":"https:\/\/chemneo.com\/pt\/product\/5656.html","title":{"rendered":"\u00d3leo de patchouli CAS 84238-39-1"},"content":{"rendered":"<p>Descri\u00e7\u00e3o<\/p>\n<p>\tPatchouli Oil Details<br \/>\nProduct\u00a0Name:\u00a0Patchouli oil<br \/>\nOther Name: Patchouliesentialoil<br \/>\nCAS No: 84238-39-1<br \/>\nPatchouli Oil Typical\u00a0Specification<\/p>\n<p>Item<br \/>\nEspecifica\u00e7\u00e3o<\/p>\n<p>Apar\u00eancia<br \/>\nBrown oily liquid<\/p>\n<p>Odor<br \/>\nPatchouli<\/p>\n<p>Fragrance<br \/>\nwoody<\/p>\n<p>Patchouli Oil Usage<br \/>\nAs a food flavoring, it is mainly used in cola-type beverages and other foods. The usage is 43-220 mg\/kg in chewing gum; 10 mg\/kg in baked food; 6.3 mg\/kg in candy; 1.1 mg\/kg in cold drinks; and 0.88 mg\/kg in soft drinks.<br \/>\nPatchouli Oil Package\u00a0& Storage<br \/>\n25kg\/drum<br \/>\nCool and dry place<\/p>","protected":false},"excerpt":{"rendered":"<p>Product\u00a0Name:\u00a0Patchouli oil<br \/>\nOther Name: Patchouliesentialoil<br \/>\nCAS No: 84238-39-1<\/p>","protected":false},"featured_media":5655,"comment_status":"open","ping_status":"closed","template":"","meta":[],"product_brand":[],"product_cat":[17],"product_tag":[],"class_list":{"0":"post-5656","1":"product","2":"type-product","3":"status-publish","4":"has-post-thumbnail","6":"product_cat-uncategorized","8":"first","9":"instock","10":"shipping-taxable","11":"product-type-simple"},"_links":{"self":[{"href":"https:\/\/chemneo.com\/pt\/wp-json\/wp\/v2\/product\/5656","targetHints":{"allow":["GET"]}}],"collection":[{"href":"https:\/\/chemneo.com\/pt\/wp-json\/wp\/v2\/product"}],"about":[{"href":"https:\/\/chemneo.com\/pt\/wp-json\/wp\/v2\/types\/product"}],"replies":[{"embeddable":true,"href":"https:\/\/chemneo.com\/pt\/wp-json\/wp\/v2\/comments?post=5656"}],"wp:featuredmedia":[{"embeddable":true,"href":"https:\/\/chemneo.com\/pt\/wp-json\/wp\/v2\/media\/5655"}],"wp:attachment":[{"href":"https:\/\/chemneo.com\/pt\/wp-json\/wp\/v2\/media?parent=5656"}],"wp:term":[{"taxonomy":"product_brand","embeddable":true,"href":"https:\/\/chemneo.com\/pt\/wp-json\/wp\/v2\/product_brand?post=5656"},{"taxonomy":"product_cat","embeddable":true,"href":"https:\/\/chemneo.com\/pt\/wp-json\/wp\/v2\/product_cat?post=5656"},{"taxonomy":"product_tag","embeddable":true,"href":"https:\/\/chemneo.com\/pt\/wp-json\/wp\/v2\/product_tag?post=5656"}],"curies":[{"name":"wp","href":"https:\/\/api.w.org\/{rel}","templated":true}]}}