{"id":5728,"date":"2024-11-13T11:18:29","date_gmt":"2024-11-13T03:18:29","guid":{"rendered":"https:\/\/chemneo.com\/product\/5728.html"},"modified":"2024-11-13T11:18:30","modified_gmt":"2024-11-13T03:18:30","slug":"glycodehydrocholic-acid-cas-3415-45-0","status":"publish","type":"product","link":"https:\/\/chemneo.com\/pt\/product\/5728.html","title":{"rendered":"\u00c1CIDO GLICOC\u00d3DIGO-HIDROC\u00d3LICO CAS 3415-45-0"},"content":{"rendered":"<p>Descri\u00e7\u00e3o<\/p>\n<p>\tGLYCODEHYDROCHOLIC ACID Quick Details<br \/>\nChemical Name: GLYCODEHYDROCHOLIC ACID<br \/>\nCAS No.:\u00a03415-45-0<br \/>\nMolecular Fomula: C26H37NO6<br \/>\nChemical Structure:<\/p>\n<p>Molecular weight:\u00a0459.58<br \/>\nAppearance: Crystalline solid<br \/>\nTypical Properties<\/p>\n<p>ITEMS<br \/>\nSPECIFICATION<\/p>\n<p>Solubilidade<br \/>\nDMF: 30 mg\/ml<\/p>\n<p>Densidade<br \/>\n1.162\u00b10.06 g\/cm3(Predicted)<\/p>\n<p>Ponto de ebuli\u00e7\u00e3o<br \/>\n692.1\u00b155.0 \u00b0C(Predicted)<\/p>\n<p>\u00a0<br \/>\nGLYCODEHYDROCHOLIC ACID application:<br \/>\nCan promote bile secretion and increase the water content in bile<br \/>\nPackaging and Shipping\u00a0<br \/>\ncustomized according to customer needs.<br \/>\nGLYCODEHYDROCHOLIC ACID Storage<br \/>\nIt should be stored in a clean, dry and cool place, preventing from sunlight, rain.<\/p>","protected":false},"excerpt":{"rendered":"<p>Chemical Name: GLYCODEHYDROCHOLIC ACID<br \/>\nCAS No.:\u00a03415-45-0<br \/>\nMolecular Fomula: C26H37NO6<br \/>\nMolecular weight:\u00a0459.58<br \/>\nAppearance: Crystalline solid<\/p>","protected":false},"featured_media":5727,"comment_status":"open","ping_status":"closed","template":"","meta":[],"product_brand":[],"product_cat":[17],"product_tag":[],"class_list":{"0":"post-5728","1":"product","2":"type-product","3":"status-publish","4":"has-post-thumbnail","6":"product_cat-uncategorized","8":"first","9":"instock","10":"shipping-taxable","11":"product-type-simple"},"_links":{"self":[{"href":"https:\/\/chemneo.com\/pt\/wp-json\/wp\/v2\/product\/5728","targetHints":{"allow":["GET"]}}],"collection":[{"href":"https:\/\/chemneo.com\/pt\/wp-json\/wp\/v2\/product"}],"about":[{"href":"https:\/\/chemneo.com\/pt\/wp-json\/wp\/v2\/types\/product"}],"replies":[{"embeddable":true,"href":"https:\/\/chemneo.com\/pt\/wp-json\/wp\/v2\/comments?post=5728"}],"wp:featuredmedia":[{"embeddable":true,"href":"https:\/\/chemneo.com\/pt\/wp-json\/wp\/v2\/media\/5727"}],"wp:attachment":[{"href":"https:\/\/chemneo.com\/pt\/wp-json\/wp\/v2\/media?parent=5728"}],"wp:term":[{"taxonomy":"product_brand","embeddable":true,"href":"https:\/\/chemneo.com\/pt\/wp-json\/wp\/v2\/product_brand?post=5728"},{"taxonomy":"product_cat","embeddable":true,"href":"https:\/\/chemneo.com\/pt\/wp-json\/wp\/v2\/product_cat?post=5728"},{"taxonomy":"product_tag","embeddable":true,"href":"https:\/\/chemneo.com\/pt\/wp-json\/wp\/v2\/product_tag?post=5728"}],"curies":[{"name":"wp","href":"https:\/\/api.w.org\/{rel}","templated":true}]}}