{"id":5748,"date":"2024-11-13T11:18:47","date_gmt":"2024-11-13T03:18:47","guid":{"rendered":"https:\/\/chemneo.com\/product\/5748.html"},"modified":"2024-11-13T11:18:48","modified_gmt":"2024-11-13T03:18:48","slug":"nnn-trimethyl-1-ammonium-adamantane-cas-53075-09-5","status":"publish","type":"product","link":"https:\/\/chemneo.com\/pt\/product\/5748.html","title":{"rendered":"N,N,N-Trimetil-1-am\u00f3nio adamantano CAS 53075-09-5"},"content":{"rendered":"<p>Descri\u00e7\u00e3o<\/p>\n<p>\tN,N,N-Trimethyl-1-ammonium adamantane\u00a0Quick Details<br \/>\nChemical Name: N,N,N-Trimethyl-1-ammonium adamantane<br \/>\nCAS No.: 53075-09-5<br \/>\nMolecular Fomula: C13H25NO<br \/>\nChemical Structure:<\/p>\n<p>Molecular weight: 211.35<br \/>\nAspeto: l\u00edquido incolor<br \/>\nEnsaio: \u226599.0%<br \/>\nTypical Properties<\/p>\n<p>ITEMS<br \/>\nSPECIFICATION<\/p>\n<p>Densidade<br \/>\n0.97<\/p>\n<p>Ponto de ebuli\u00e7\u00e3o<br \/>\n104\u00b0C<\/p>\n<p>Melt point<br \/>\n108.6\u00b0<\/p>\n<p>Ponto de inflama\u00e7\u00e3o<br \/>\n229\u00a0\u00b0F<\/p>\n<p>\u00a0<br \/>\nN,N,N-Trimethyl-1-ammonium adamantane\u00a0application:<br \/>\nN,N, n-trimethyl-1-diamantylammonium hydroxide is an important fine chemical because of its higher lipophilicity and lubrication ability, and has a wide range of important uses in the fields of daily chemicals, automotive, textile, electronics, petroleum mining, biomedicine, pharmaceutical, new material preparation, etc. Can be used as detergent, fungicide, antistatic agent, softener, molecular sieve template agent, etc.<br \/>\nPackaging and Shipping\u00a0<br \/>\ncustomized according to customer needs.<br \/>\nN,N,N-Trimethyl-1-ammonium adamantane\u00a0Storage<br \/>\nIt should be stored in a clean, dry and cool place, preventing from sunlight, rain.<\/p>","protected":false},"excerpt":{"rendered":"<p>Chemical Name: N,N,N-Trimethyl-1-ammonium adamantane<br \/>\nCAS No.: 53075-09-5<br \/>\nMolecular Fomula: C13H25NO<br \/>\nMolecular weight: 211.35<br \/>\nAspeto: l\u00edquido incolor<br \/>\nEnsaio: \u226599.0%<\/p>","protected":false},"featured_media":5747,"comment_status":"open","ping_status":"closed","template":"","meta":[],"product_brand":[],"product_cat":[17],"product_tag":[],"class_list":{"0":"post-5748","1":"product","2":"type-product","3":"status-publish","4":"has-post-thumbnail","6":"product_cat-uncategorized","8":"first","9":"instock","10":"shipping-taxable","11":"product-type-simple"},"_links":{"self":[{"href":"https:\/\/chemneo.com\/pt\/wp-json\/wp\/v2\/product\/5748","targetHints":{"allow":["GET"]}}],"collection":[{"href":"https:\/\/chemneo.com\/pt\/wp-json\/wp\/v2\/product"}],"about":[{"href":"https:\/\/chemneo.com\/pt\/wp-json\/wp\/v2\/types\/product"}],"replies":[{"embeddable":true,"href":"https:\/\/chemneo.com\/pt\/wp-json\/wp\/v2\/comments?post=5748"}],"wp:featuredmedia":[{"embeddable":true,"href":"https:\/\/chemneo.com\/pt\/wp-json\/wp\/v2\/media\/5747"}],"wp:attachment":[{"href":"https:\/\/chemneo.com\/pt\/wp-json\/wp\/v2\/media?parent=5748"}],"wp:term":[{"taxonomy":"product_brand","embeddable":true,"href":"https:\/\/chemneo.com\/pt\/wp-json\/wp\/v2\/product_brand?post=5748"},{"taxonomy":"product_cat","embeddable":true,"href":"https:\/\/chemneo.com\/pt\/wp-json\/wp\/v2\/product_cat?post=5748"},{"taxonomy":"product_tag","embeddable":true,"href":"https:\/\/chemneo.com\/pt\/wp-json\/wp\/v2\/product_tag?post=5748"}],"curies":[{"name":"wp","href":"https:\/\/api.w.org\/{rel}","templated":true}]}}