{"id":5754,"date":"2024-11-13T11:18:52","date_gmt":"2024-11-13T03:18:52","guid":{"rendered":"https:\/\/chemneo.com\/product\/5754.html"},"modified":"2024-11-13T11:18:54","modified_gmt":"2024-11-13T03:18:54","slug":"3-hydroxy-246-triiodobenzoic-acid-cas-53279-72-4","status":"publish","type":"product","link":"https:\/\/chemneo.com\/pt\/product\/5754.html","title":{"rendered":"\u00c1CIDO 3-HIDROXI-2,4,6-TRIIODOBENZ\u00d3ICO CAS 53279-72-4"},"content":{"rendered":"<p>Descri\u00e7\u00e3o<\/p>\n<p>\t3-HYDROXY-2,4,6-TRIIODOBENZOIC ACID\u00a0Quick Details<br \/>\nDenomina\u00e7\u00e3o qu\u00edmica: \u00c1CIDO 3-HIDROXI-2,4,6-TRIIODOBENZ\u00d3ICO<br \/>\nN.\u00ba CAS: 53279-72-4<br \/>\nF\u00f3rmula molecular: C7H3I3O3<br \/>\nChemical Structure:<\/p>\n<p>Peso molecular: 515,81<br \/>\nAspeto: P\u00f3 esbranqui\u00e7ado a amarelo<br \/>\nTypical\u00a0Properties<\/p>\n<p>ITEMS<br \/>\nSPECIFICATION<\/p>\n<p>Densidade<br \/>\n3.095\u00b10.06 g\/cm3(Predicted)<\/p>\n<p>Ponto de ebuli\u00e7\u00e3o<br \/>\n389.2\u00b142.0 \u00b0C(Predicted)<\/p>\n<p>Melt point<br \/>\n211-215\u00b0C<\/p>\n<p>Ponto de inflama\u00e7\u00e3o<br \/>\n\/<\/p>\n<p>\u00a0<br \/>\n3-HYDROXY-2,4,6-TRIIODOBENZOIC ACID\u00a0application:<br \/>\nUsed in drug synthesis and organic chemical reagents.<br \/>\nPackaging and Shipping\u00a0<br \/>\nCustomized according to customer needs.<br \/>\n3-HYDROXY-2,4,6-TRIIODOBENZOIC ACID Storage<br \/>\nKeep in dark place,Inert atmosphere,Room temperature<\/p>","protected":false},"excerpt":{"rendered":"<p>Denomina\u00e7\u00e3o qu\u00edmica: \u00c1CIDO 3-HIDROXI-2,4,6-TRIIODOBENZ\u00d3ICO<br \/>\nN.\u00ba CAS: 53279-72-4<br \/>\nF\u00f3rmula molecular: C7H3I3O3<br \/>\nPeso molecular: 515,81<br \/>\nAspeto: P\u00f3 esbranqui\u00e7ado a amarelo<\/p>","protected":false},"featured_media":5753,"comment_status":"open","ping_status":"closed","template":"","meta":[],"product_brand":[],"product_cat":[17],"product_tag":[],"class_list":{"0":"post-5754","1":"product","2":"type-product","3":"status-publish","4":"has-post-thumbnail","6":"product_cat-uncategorized","8":"first","9":"instock","10":"shipping-taxable","11":"product-type-simple"},"_links":{"self":[{"href":"https:\/\/chemneo.com\/pt\/wp-json\/wp\/v2\/product\/5754","targetHints":{"allow":["GET"]}}],"collection":[{"href":"https:\/\/chemneo.com\/pt\/wp-json\/wp\/v2\/product"}],"about":[{"href":"https:\/\/chemneo.com\/pt\/wp-json\/wp\/v2\/types\/product"}],"replies":[{"embeddable":true,"href":"https:\/\/chemneo.com\/pt\/wp-json\/wp\/v2\/comments?post=5754"}],"wp:featuredmedia":[{"embeddable":true,"href":"https:\/\/chemneo.com\/pt\/wp-json\/wp\/v2\/media\/5753"}],"wp:attachment":[{"href":"https:\/\/chemneo.com\/pt\/wp-json\/wp\/v2\/media?parent=5754"}],"wp:term":[{"taxonomy":"product_brand","embeddable":true,"href":"https:\/\/chemneo.com\/pt\/wp-json\/wp\/v2\/product_brand?post=5754"},{"taxonomy":"product_cat","embeddable":true,"href":"https:\/\/chemneo.com\/pt\/wp-json\/wp\/v2\/product_cat?post=5754"},{"taxonomy":"product_tag","embeddable":true,"href":"https:\/\/chemneo.com\/pt\/wp-json\/wp\/v2\/product_tag?post=5754"}],"curies":[{"name":"wp","href":"https:\/\/api.w.org\/{rel}","templated":true}]}}