{"id":5762,"date":"2024-11-13T11:19:00","date_gmt":"2024-11-13T03:19:00","guid":{"rendered":"https:\/\/chemneo.com\/product\/5762.html"},"modified":"2024-11-13T11:19:02","modified_gmt":"2024-11-13T03:19:02","slug":"methyl-propyl-disulfide-cas-2179-60-4","status":"publish","type":"product","link":"https:\/\/chemneo.com\/pt\/product\/5762.html","title":{"rendered":"Methyl propyl disulfide CAS 2179-60-4"},"content":{"rendered":"<p>Descri\u00e7\u00e3o<\/p>\n<p>\tMethyl propyl disulfide Quick Details<br \/>\nChemical Name: Methyl propyl disulfide<br \/>\nCAS No.:\u00a02179-60-4<br \/>\nMolecular Fomula: C4H10S2<br \/>\nChemical Structure:<\/p>\n<p>Molecular weight: 122.25<br \/>\nAppearance:\u00a0CLEAR SLIGHTLY YELLOWISH LIQUID<br \/>\nEnsaio: \u226597.0%<br \/>\nTypical Properties<\/p>\n<p>ITEMS<br \/>\nSPECIFICATION<\/p>\n<p>Melting point<br \/>\n-101.52\u00b0C (estimate)<\/p>\n<p>Ponto de ebuli\u00e7\u00e3o<br \/>\n69-71 \u00b0C\/43 mmHg (lit.)<\/p>\n<p>densidade<br \/>\n0.98 g\/mL at 25 \u00b0C (lit.)<\/p>\n<p>\u00edndice de refra\u00e7\u00e3o<br \/>\nn20\/D\u00a01.508(lit.)<\/p>\n<p>\u00a0<br \/>\nMethyl propyl disulfide\u00a0application:<br \/>\nMethyl propyl disulfide has a powerful, penetrating sulfuraceous\u2013herbaceous, onion-like odor.<br \/>\nPackaging and Shipping\u00a0<br \/>\ncustomized according to customer needs.<br \/>\nMethyl propyl disulfide\u00a0Storage<br \/>\nIt should be stored in a clean, dry and cool place, preventing from sunlight, rain.<\/p>","protected":false},"excerpt":{"rendered":"<p>Chemical Name: Methyl propyl disulfide<br \/>\nCAS No.:\u00a02179-60-4<br \/>\nMolecular Fomula: C4H10S2<br \/>\nMolecular weight: 122.25<br \/>\nAppearance:\u00a0CLEAR SLIGHTLY YELLOWISH LIQUID<br \/>\nEnsaio: \u226597.0%<\/p>","protected":false},"featured_media":5761,"comment_status":"open","ping_status":"closed","template":"","meta":[],"product_brand":[],"product_cat":[17],"product_tag":[],"class_list":{"0":"post-5762","1":"product","2":"type-product","3":"status-publish","4":"has-post-thumbnail","6":"product_cat-uncategorized","8":"first","9":"instock","10":"shipping-taxable","11":"product-type-simple"},"_links":{"self":[{"href":"https:\/\/chemneo.com\/pt\/wp-json\/wp\/v2\/product\/5762","targetHints":{"allow":["GET"]}}],"collection":[{"href":"https:\/\/chemneo.com\/pt\/wp-json\/wp\/v2\/product"}],"about":[{"href":"https:\/\/chemneo.com\/pt\/wp-json\/wp\/v2\/types\/product"}],"replies":[{"embeddable":true,"href":"https:\/\/chemneo.com\/pt\/wp-json\/wp\/v2\/comments?post=5762"}],"wp:featuredmedia":[{"embeddable":true,"href":"https:\/\/chemneo.com\/pt\/wp-json\/wp\/v2\/media\/5761"}],"wp:attachment":[{"href":"https:\/\/chemneo.com\/pt\/wp-json\/wp\/v2\/media?parent=5762"}],"wp:term":[{"taxonomy":"product_brand","embeddable":true,"href":"https:\/\/chemneo.com\/pt\/wp-json\/wp\/v2\/product_brand?post=5762"},{"taxonomy":"product_cat","embeddable":true,"href":"https:\/\/chemneo.com\/pt\/wp-json\/wp\/v2\/product_cat?post=5762"},{"taxonomy":"product_tag","embeddable":true,"href":"https:\/\/chemneo.com\/pt\/wp-json\/wp\/v2\/product_tag?post=5762"}],"curies":[{"name":"wp","href":"https:\/\/api.w.org\/{rel}","templated":true}]}}