{"id":5788,"date":"2024-11-13T11:19:25","date_gmt":"2024-11-13T03:19:25","guid":{"rendered":"https:\/\/chemneo.com\/product\/5788.html"},"modified":"2024-11-13T11:19:26","modified_gmt":"2024-11-13T03:19:26","slug":"propoxypropanol-cas-30136-13-1","status":"publish","type":"product","link":"https:\/\/chemneo.com\/pt\/product\/5788.html","title":{"rendered":"Propoxypropanol CAS 30136-13-1"},"content":{"rendered":"<p>Descri\u00e7\u00e3o<\/p>\n<p>\tPropoxypropanol Detail<br \/>\nChemical Name: Propoxypropanol<br \/>\nCAS No.: 30136-13-1<br \/>\nMolecular Fomula: C6H14O2<br \/>\nChemical Structure:<\/p>\n<p>Molecular weight:118.17416<br \/>\nAppearance:Colorless transparent liquid<br \/>\nEnsaio: 99%<br \/>\nTypical Properties<\/p>\n<p>ITEMS<br \/>\nSPECIFICATION<\/p>\n<p>Densidade<br \/>\n0.8874 (estimate)<\/p>\n<p>Ponto de ebuli\u00e7\u00e3o<br \/>\n155.74\u00b0C (rough estimate)<\/p>\n<p>Melt point<br \/>\n-69.47\u00b0C (estimate)<\/p>\n<p>\u00cdndice de refra\u00e7\u00e3o<br \/>\n1.4110 (estimate)<\/p>\n<p>\u00a0<br \/>\nPropoxypropanol application:<br \/>\nUsed in the synthesis of products such as plastics, rubber, coatings and adhesives. In addition, they are also used as additives in metalworking fluids to provide lubricity, reduce the coefficient of friction, and improve material processing efficiency and quality.<br \/>\nPackaging and Shipping\u00a0<br \/>\ncustomized according to customer needs.<br \/>\nPropoxypropanol Storage<br \/>\nIt should be stored in a clean, dry and cool place, preventing from sunlight, rain.<\/p>","protected":false},"excerpt":{"rendered":"<p>Chemical Name: Propoxypropanol<br \/>\nCAS No.: 30136-13-1<br \/>\nMolecular Fomula: C6H14O2<br \/>\nMolecular weight:118.17416<br \/>\nAppearance:Colorless transparent liquid<br \/>\nEnsaio: 99%<\/p>","protected":false},"featured_media":5787,"comment_status":"open","ping_status":"closed","template":"","meta":[],"product_brand":[],"product_cat":[17],"product_tag":[],"class_list":{"0":"post-5788","1":"product","2":"type-product","3":"status-publish","4":"has-post-thumbnail","6":"product_cat-uncategorized","8":"first","9":"instock","10":"shipping-taxable","11":"product-type-simple"},"_links":{"self":[{"href":"https:\/\/chemneo.com\/pt\/wp-json\/wp\/v2\/product\/5788","targetHints":{"allow":["GET"]}}],"collection":[{"href":"https:\/\/chemneo.com\/pt\/wp-json\/wp\/v2\/product"}],"about":[{"href":"https:\/\/chemneo.com\/pt\/wp-json\/wp\/v2\/types\/product"}],"replies":[{"embeddable":true,"href":"https:\/\/chemneo.com\/pt\/wp-json\/wp\/v2\/comments?post=5788"}],"wp:featuredmedia":[{"embeddable":true,"href":"https:\/\/chemneo.com\/pt\/wp-json\/wp\/v2\/media\/5787"}],"wp:attachment":[{"href":"https:\/\/chemneo.com\/pt\/wp-json\/wp\/v2\/media?parent=5788"}],"wp:term":[{"taxonomy":"product_brand","embeddable":true,"href":"https:\/\/chemneo.com\/pt\/wp-json\/wp\/v2\/product_brand?post=5788"},{"taxonomy":"product_cat","embeddable":true,"href":"https:\/\/chemneo.com\/pt\/wp-json\/wp\/v2\/product_cat?post=5788"},{"taxonomy":"product_tag","embeddable":true,"href":"https:\/\/chemneo.com\/pt\/wp-json\/wp\/v2\/product_tag?post=5788"}],"curies":[{"name":"wp","href":"https:\/\/api.w.org\/{rel}","templated":true}]}}