{"id":5790,"date":"2024-11-13T11:19:27","date_gmt":"2024-11-13T03:19:27","guid":{"rendered":"https:\/\/chemneo.com\/product\/5790.html"},"modified":"2024-11-13T11:19:28","modified_gmt":"2024-11-13T03:19:28","slug":"dipropylene-glycol-ethyl-ether-cas-15764-24-6","status":"publish","type":"product","link":"https:\/\/chemneo.com\/pt\/product\/5790.html","title":{"rendered":"Dipropylene glycol ethyl ether CAS 15764-24-6"},"content":{"rendered":"<p>Descri\u00e7\u00e3o<\/p>\n<p>\tDipropylene glycol ethyl ether\u00a0Quick Details<br \/>\nChemical Name: Dipropylene glycol ethyl ether<br \/>\nCAS No.:15764-24-6<br \/>\nF\u00f3rmula molecular: C8H18O3<br \/>\nChemical Structure:<\/p>\n<p>Molecular weight:\u00a0162.23<br \/>\nAppearance:\u00a0Transparent colorless liquid<br \/>\nEnsaio: 99.9%<br \/>\nTypical Properties<\/p>\n<p>ITEMS<br \/>\nSPECIFICATION<\/p>\n<p>Densidade<br \/>\n0.945\u00b10.06 g\/cm3 (20 \u00baC 760 Torr)<\/p>\n<p>Ponto de ebuli\u00e7\u00e3o<br \/>\n223.5\u00b115.0\u2103 (760 Torr)<\/p>\n<p>\u00cdndice de refra\u00e7\u00e3o<br \/>\n1.4100 (estimate)<\/p>\n<p>Ponto de inflama\u00e7\u00e3o<br \/>\n89.0\u00b120.4\u2103<\/p>\n<p>\u00a0<br \/>\nDipropylene glycol ethyl ether application:<br \/>\nDipropylene glycol monoethyl ether is mainly used as an industrial solvent, especially in the coating industry. It can be used as a solvent for alkyd resins, epoxy resins, acrylic resins, polyester paints, etc.<br \/>\nPackaging and Shipping\u00a0<br \/>\ncustomized according to customer needs.<br \/>\nDipropylene glycol ethyl ether\u00a0Storage<br \/>\nIt should be stored in a clean, dry and cool place, preventing from sunlight, rain.<\/p>","protected":false},"excerpt":{"rendered":"<p>Chemical Name: Dipropylene glycol ethyl ether<br \/>\nCAS No.:15764-24-6<br \/>\nF\u00f3rmula molecular: C8H18O3<br \/>\nMolecular weight:\u00a0162.23<br \/>\nAppearance:\u00a0Transparent colorless liquid<br \/>\nEnsaio: 99.9%<\/p>","protected":false},"featured_media":5789,"comment_status":"open","ping_status":"closed","template":"","meta":[],"product_brand":[],"product_cat":[17],"product_tag":[],"class_list":{"0":"post-5790","1":"product","2":"type-product","3":"status-publish","4":"has-post-thumbnail","6":"product_cat-uncategorized","8":"first","9":"instock","10":"shipping-taxable","11":"product-type-simple"},"_links":{"self":[{"href":"https:\/\/chemneo.com\/pt\/wp-json\/wp\/v2\/product\/5790","targetHints":{"allow":["GET"]}}],"collection":[{"href":"https:\/\/chemneo.com\/pt\/wp-json\/wp\/v2\/product"}],"about":[{"href":"https:\/\/chemneo.com\/pt\/wp-json\/wp\/v2\/types\/product"}],"replies":[{"embeddable":true,"href":"https:\/\/chemneo.com\/pt\/wp-json\/wp\/v2\/comments?post=5790"}],"wp:featuredmedia":[{"embeddable":true,"href":"https:\/\/chemneo.com\/pt\/wp-json\/wp\/v2\/media\/5789"}],"wp:attachment":[{"href":"https:\/\/chemneo.com\/pt\/wp-json\/wp\/v2\/media?parent=5790"}],"wp:term":[{"taxonomy":"product_brand","embeddable":true,"href":"https:\/\/chemneo.com\/pt\/wp-json\/wp\/v2\/product_brand?post=5790"},{"taxonomy":"product_cat","embeddable":true,"href":"https:\/\/chemneo.com\/pt\/wp-json\/wp\/v2\/product_cat?post=5790"},{"taxonomy":"product_tag","embeddable":true,"href":"https:\/\/chemneo.com\/pt\/wp-json\/wp\/v2\/product_tag?post=5790"}],"curies":[{"name":"wp","href":"https:\/\/api.w.org\/{rel}","templated":true}]}}