{"id":5806,"date":"2024-11-13T11:19:42","date_gmt":"2024-11-13T03:19:42","guid":{"rendered":"https:\/\/chemneo.com\/product\/5806.html"},"modified":"2024-11-13T11:19:43","modified_gmt":"2024-11-13T03:19:43","slug":"c9-11-alcohol-polyoxyethylene-ether-cas-160901-09-7","status":"publish","type":"product","link":"https:\/\/chemneo.com\/pt\/product\/5806.html","title":{"rendered":"\u00c9ter polioxietil\u00e9nico de \u00e1lcool C9-11 CAS 160901-09-7"},"content":{"rendered":"<p>Descri\u00e7\u00e3o<\/p>\n<p>\tC9-11 alcohol polyoxyethylene ether\u00a0Quick Details<br \/>\nChemical Name: C9-11 alcohol polyoxyethylene ether<br \/>\nCAS No.:160901-09-7<br \/>\nAppearance:\u00a0Colorless transparent liquid to white paste<br \/>\nEnsaio: \u226599.0%<br \/>\nC9-11 alcohol polyoxyethylene ether\u00a0Typical Properties<\/p>\n<p>ITEMS<br \/>\nSPECIFICATION<\/p>\n<p>Apar\u00eancia<br \/>\nColorless transparent liquid to white paste<\/p>\n<p>Ensaio<br \/>\n\u226599.0%<\/p>\n<p>\u00a0<br \/>\nC9-11 alcohol polyoxyethylene ether\u00a0application:<br \/>\nIt is a nonionic surfactant with excellent wetting properties and good water solubility<br \/>\nC9-11 alcohol polyoxyethylene ether\u00a0Packaging and Shipping\u00a0<br \/>\n50\/200KG DRUM<br \/>\nC9-11 alcohol polyoxyethylene ether\u00a0Storage<br \/>\nIt should be stored in a clean, dry and cool place, preventing from sunlight, rain.<\/p>","protected":false},"excerpt":{"rendered":"<p>Chemical Name: C9-11 alcohol polyoxyethylene ether<br \/>\nCAS No.: 160901-09-7<br \/>\nAppearance:\u00a0Colorless transparent liquid to white paste<br \/>\nEnsaio: \u226599.0%<\/p>","protected":false},"featured_media":5805,"comment_status":"open","ping_status":"closed","template":"","meta":[],"product_brand":[],"product_cat":[17],"product_tag":[],"class_list":{"0":"post-5806","1":"product","2":"type-product","3":"status-publish","4":"has-post-thumbnail","6":"product_cat-uncategorized","8":"first","9":"instock","10":"shipping-taxable","11":"product-type-simple"},"_links":{"self":[{"href":"https:\/\/chemneo.com\/pt\/wp-json\/wp\/v2\/product\/5806","targetHints":{"allow":["GET"]}}],"collection":[{"href":"https:\/\/chemneo.com\/pt\/wp-json\/wp\/v2\/product"}],"about":[{"href":"https:\/\/chemneo.com\/pt\/wp-json\/wp\/v2\/types\/product"}],"replies":[{"embeddable":true,"href":"https:\/\/chemneo.com\/pt\/wp-json\/wp\/v2\/comments?post=5806"}],"wp:featuredmedia":[{"embeddable":true,"href":"https:\/\/chemneo.com\/pt\/wp-json\/wp\/v2\/media\/5805"}],"wp:attachment":[{"href":"https:\/\/chemneo.com\/pt\/wp-json\/wp\/v2\/media?parent=5806"}],"wp:term":[{"taxonomy":"product_brand","embeddable":true,"href":"https:\/\/chemneo.com\/pt\/wp-json\/wp\/v2\/product_brand?post=5806"},{"taxonomy":"product_cat","embeddable":true,"href":"https:\/\/chemneo.com\/pt\/wp-json\/wp\/v2\/product_cat?post=5806"},{"taxonomy":"product_tag","embeddable":true,"href":"https:\/\/chemneo.com\/pt\/wp-json\/wp\/v2\/product_tag?post=5806"}],"curies":[{"name":"wp","href":"https:\/\/api.w.org\/{rel}","templated":true}]}}