{"id":5889,"date":"2024-11-13T11:20:59","date_gmt":"2024-11-13T03:20:59","guid":{"rendered":"https:\/\/chemneo.com\/product\/5889.html"},"modified":"2024-11-13T11:21:00","modified_gmt":"2024-11-13T03:21:00","slug":"3-chloro-2-methylbenzoic-acid-cas-7499-08-3","status":"publish","type":"product","link":"https:\/\/chemneo.com\/pt\/product\/5889.html","title":{"rendered":"\u00c1cido 3-cloro-2-metilbenz\u00f3ico CAS 7499-08-3"},"content":{"rendered":"<p>Descri\u00e7\u00e3o<\/p>\n<p>\t3-Chloro-2-methylbenzoic acid Details<br \/>\nNome qu\u00edmico: \u00c1cido 3-cloro-2-metilbenz\u00f3ico<br \/>\nN.\u00ba CAS: 7499-08-3<br \/>\nF\u00f3rmula molecular: C8H7ClO2<br \/>\nChemical Structure:<br \/>\nPeso molecular: 170,59<br \/>\nAspeto: P\u00f3 branco<br \/>\nEnsaio\uff1a\u226598.0<br \/>\n3-Chloro-2-methylbenzoic acid\u00a0Typical Properties<\/p>\n<p>ITEMS<br \/>\nSPECIFICATION<\/p>\n<p>Densidade<br \/>\n1.310\u00b10.06 g\/cm3<\/p>\n<p>Melting point<br \/>\n163-166 \u00b0C (lit.)<\/p>\n<p>Ponto de ebuli\u00e7\u00e3o<br \/>\n290.9\u00b120.0 \u00b0C<\/p>\n<p>3-Chloro-2-methylbenzoic acid\u00a0application:<br \/>\nChemical reagents, fine chemicals, pharmaceutical intermediates, material intermediates<br \/>\n3-Chloro-2-methylbenzoic acid\u00a0Packaging and Shipping\u00a0<br \/>\ncustomized according to customer needs.<br \/>\n3-Chloro-2-methylbenzoic acid Storage<br \/>\nIt should be stored in a clean, dry and cool place, preventing from sunlight, rain.<\/p>","protected":false},"excerpt":{"rendered":"<p>Nome qu\u00edmico: \u00c1cido 3-cloro-2-metilbenz\u00f3ico<br \/>\nN.\u00ba CAS: 7499-08-3<br \/>\nAspeto: P\u00f3 branco<br \/>\nEnsaio\uff1a\u226598.0<\/p>","protected":false},"featured_media":5888,"comment_status":"open","ping_status":"closed","template":"","meta":[],"product_brand":[],"product_cat":[17],"product_tag":[],"class_list":{"0":"post-5889","1":"product","2":"type-product","3":"status-publish","4":"has-post-thumbnail","6":"product_cat-uncategorized","8":"first","9":"instock","10":"shipping-taxable","11":"product-type-simple"},"_links":{"self":[{"href":"https:\/\/chemneo.com\/pt\/wp-json\/wp\/v2\/product\/5889","targetHints":{"allow":["GET"]}}],"collection":[{"href":"https:\/\/chemneo.com\/pt\/wp-json\/wp\/v2\/product"}],"about":[{"href":"https:\/\/chemneo.com\/pt\/wp-json\/wp\/v2\/types\/product"}],"replies":[{"embeddable":true,"href":"https:\/\/chemneo.com\/pt\/wp-json\/wp\/v2\/comments?post=5889"}],"wp:featuredmedia":[{"embeddable":true,"href":"https:\/\/chemneo.com\/pt\/wp-json\/wp\/v2\/media\/5888"}],"wp:attachment":[{"href":"https:\/\/chemneo.com\/pt\/wp-json\/wp\/v2\/media?parent=5889"}],"wp:term":[{"taxonomy":"product_brand","embeddable":true,"href":"https:\/\/chemneo.com\/pt\/wp-json\/wp\/v2\/product_brand?post=5889"},{"taxonomy":"product_cat","embeddable":true,"href":"https:\/\/chemneo.com\/pt\/wp-json\/wp\/v2\/product_cat?post=5889"},{"taxonomy":"product_tag","embeddable":true,"href":"https:\/\/chemneo.com\/pt\/wp-json\/wp\/v2\/product_tag?post=5889"}],"curies":[{"name":"wp","href":"https:\/\/api.w.org\/{rel}","templated":true}]}}