{"id":5917,"date":"2024-11-13T11:21:24","date_gmt":"2024-11-13T03:21:24","guid":{"rendered":"https:\/\/chemneo.com\/product\/5917.html"},"modified":"2024-11-13T11:21:25","modified_gmt":"2024-11-13T03:21:25","slug":"sodium-glycinate-cas-6000-44-8","status":"publish","type":"product","link":"https:\/\/chemneo.com\/pt\/product\/5917.html","title":{"rendered":"Glicinato de s\u00f3dio Cas 6000-44-8"},"content":{"rendered":"<p>Descri\u00e7\u00e3o<\/p>\n<p>\tSodium Glycinate Quick Details<br \/>\nChemical Name: Sodium glycinate<br \/>\nOther Name: glycine sodium salt; glycocoll sodium salt; sodium aminoacetate; Aminoethanoic acid Glycocoll; Sodium Glyclnate;\u00a0Glycine sodiumCAS No.: 6000-44-8Molecular Fomula:C2H6NNaO2<br \/>\nChemical Structure:<\/p>\n<p>Molecular weight: 99.06<br \/>\nAspeto:P\u00f3 branco<br \/>\nEnsaio\uff1a\u226599.0%<br \/>\nSodium Glycinate\u00a0Typical Properties<\/p>\n<p>ITEMS<br \/>\nSPECIFICATION<\/p>\n<p>Pureza<br \/>\n99.0%<\/p>\n<p>Water<br \/>\n1%max<\/p>\n<p>Sodium Glycinate Application:<br \/>\nUsage: Synthesis of organic products, industrial detergent intermediates and biochemical research.<br \/>\nSodium Glycinate Packaging and Shipping\u00a0<br \/>\ncustomized according to customer needs.<br \/>\nSodium Glycinate Storage<br \/>\nIt should be stored in a clean, dry and cool place, preventing from sunlight, rain.<\/p>","protected":false},"excerpt":{"rendered":"<p>Chemical Name: Sodium glycinate<br \/>\nOther Name: glycine sodium salt; glycocoll sodium salt; sodium aminoacetate; Aminoethanoic acid Glycocoll; Sodium Glyclnate;\u00a0Glycine sodium<br \/>\nCAS No.: 6000-44-8<br \/>\nMolecular Fomula:C2H6NNaO2<\/p>","protected":false},"featured_media":5916,"comment_status":"open","ping_status":"closed","template":"","meta":[],"product_brand":[],"product_cat":[17],"product_tag":[],"class_list":{"0":"post-5917","1":"product","2":"type-product","3":"status-publish","4":"has-post-thumbnail","6":"product_cat-uncategorized","8":"first","9":"instock","10":"shipping-taxable","11":"product-type-simple"},"_links":{"self":[{"href":"https:\/\/chemneo.com\/pt\/wp-json\/wp\/v2\/product\/5917","targetHints":{"allow":["GET"]}}],"collection":[{"href":"https:\/\/chemneo.com\/pt\/wp-json\/wp\/v2\/product"}],"about":[{"href":"https:\/\/chemneo.com\/pt\/wp-json\/wp\/v2\/types\/product"}],"replies":[{"embeddable":true,"href":"https:\/\/chemneo.com\/pt\/wp-json\/wp\/v2\/comments?post=5917"}],"wp:featuredmedia":[{"embeddable":true,"href":"https:\/\/chemneo.com\/pt\/wp-json\/wp\/v2\/media\/5916"}],"wp:attachment":[{"href":"https:\/\/chemneo.com\/pt\/wp-json\/wp\/v2\/media?parent=5917"}],"wp:term":[{"taxonomy":"product_brand","embeddable":true,"href":"https:\/\/chemneo.com\/pt\/wp-json\/wp\/v2\/product_brand?post=5917"},{"taxonomy":"product_cat","embeddable":true,"href":"https:\/\/chemneo.com\/pt\/wp-json\/wp\/v2\/product_cat?post=5917"},{"taxonomy":"product_tag","embeddable":true,"href":"https:\/\/chemneo.com\/pt\/wp-json\/wp\/v2\/product_tag?post=5917"}],"curies":[{"name":"wp","href":"https:\/\/api.w.org\/{rel}","templated":true}]}}