{"id":5971,"date":"2024-11-13T11:22:18","date_gmt":"2024-11-13T03:22:18","guid":{"rendered":"https:\/\/chemneo.com\/product\/5971.html"},"modified":"2024-11-13T11:22:19","modified_gmt":"2024-11-13T03:22:19","slug":"fenchol-cas-1632-73-1","status":"publish","type":"product","link":"https:\/\/chemneo.com\/pt\/product\/5971.html","title":{"rendered":"Fenchol CAS 1632-73-1"},"content":{"rendered":"<p>Descri\u00e7\u00e3o<\/p>\n<p>\tFenchol Details<br \/>\nDenomina\u00e7\u00e3o qu\u00edmica: Fenchol<br \/>\nN.\u00ba CAS: 1632-73-1<br \/>\nF\u00f3rmula molecular: C10H18O<br \/>\nPeso molecular: 154,25<br \/>\nMolecular\u00a0Structure:<br \/>\nAspeto: L\u00edquido<br \/>\nFenchol Typical Properties<\/p>\n<p>Ponto de fus\u00e3o<br \/>\n43-46\u00a0\u00b0C<\/p>\n<p>Ponto de ebuli\u00e7\u00e3o<br \/>\n201-202\u00a0\u00b0C(lit.)<\/p>\n<p>Densidade<br \/>\n0.8704 (rough estimate)<\/p>\n<p>\u00cdndice de refra\u00e7\u00e3o<br \/>\n1.4723 (estimate)<\/p>\n<p>Ponto de inflama\u00e7\u00e3o<br \/>\n165\u00a0\u00b0F<\/p>\n<p>Apar\u00eancia<br \/>\nL\u00edquido<\/p>\n<p>Colour<br \/>\nColorless to light yellow<\/p>\n<p>Fenchol Usage<br \/>\nUsed as monomers for organic synthesis intermediates and polymers. Used in functional polymers, surfactants, antistatic agents, photosensitive resins, coatings, medicines, pesticides and many other aspects.<br \/>\nFenchol Packaging and Shipping<br \/>\nPacking: 25KG\/Drum<br \/>\nFenchol Storage<br \/>\nKeep in a well-closed,light-resistant, dry and cool place.<\/p>","protected":false},"excerpt":{"rendered":"<p>Denomina\u00e7\u00e3o qu\u00edmica: Fenchol<br \/>\nN.\u00ba CAS: 1632-73-1<br \/>\nF\u00f3rmula molecular: C10H18O<br \/>\nPeso molecular: 154,25<br \/>\nAspeto: L\u00edquido<\/p>","protected":false},"featured_media":5970,"comment_status":"open","ping_status":"closed","template":"","meta":[],"product_brand":[],"product_cat":[17],"product_tag":[],"class_list":{"0":"post-5971","1":"product","2":"type-product","3":"status-publish","4":"has-post-thumbnail","6":"product_cat-uncategorized","8":"first","9":"instock","10":"shipping-taxable","11":"product-type-simple"},"_links":{"self":[{"href":"https:\/\/chemneo.com\/pt\/wp-json\/wp\/v2\/product\/5971","targetHints":{"allow":["GET"]}}],"collection":[{"href":"https:\/\/chemneo.com\/pt\/wp-json\/wp\/v2\/product"}],"about":[{"href":"https:\/\/chemneo.com\/pt\/wp-json\/wp\/v2\/types\/product"}],"replies":[{"embeddable":true,"href":"https:\/\/chemneo.com\/pt\/wp-json\/wp\/v2\/comments?post=5971"}],"wp:featuredmedia":[{"embeddable":true,"href":"https:\/\/chemneo.com\/pt\/wp-json\/wp\/v2\/media\/5970"}],"wp:attachment":[{"href":"https:\/\/chemneo.com\/pt\/wp-json\/wp\/v2\/media?parent=5971"}],"wp:term":[{"taxonomy":"product_brand","embeddable":true,"href":"https:\/\/chemneo.com\/pt\/wp-json\/wp\/v2\/product_brand?post=5971"},{"taxonomy":"product_cat","embeddable":true,"href":"https:\/\/chemneo.com\/pt\/wp-json\/wp\/v2\/product_cat?post=5971"},{"taxonomy":"product_tag","embeddable":true,"href":"https:\/\/chemneo.com\/pt\/wp-json\/wp\/v2\/product_tag?post=5971"}],"curies":[{"name":"wp","href":"https:\/\/api.w.org\/{rel}","templated":true}]}}