{"id":5979,"date":"2024-11-13T11:22:25","date_gmt":"2024-11-13T03:22:25","guid":{"rendered":"https:\/\/chemneo.com\/product\/5979.html"},"modified":"2024-11-13T11:22:26","modified_gmt":"2024-11-13T03:22:26","slug":"acacetin-cas-480-44-4","status":"publish","type":"product","link":"https:\/\/chemneo.com\/pt\/product\/5979.html","title":{"rendered":"Acacetina CAS 480-44-4"},"content":{"rendered":"<p>Descri\u00e7\u00e3o<\/p>\n<p>\tAcacetin Quick Details<br \/>\nNome qu\u00edmico: Acacetina<br \/>\nN.\u00ba CAS: 480-44-4<br \/>\nF\u00f3rmula molecular: C16H12O5<br \/>\nChemical Structure:<\/p>\n<p>Peso molecular: 284,26<br \/>\nAspeto: S\u00f3lido amarelo<br \/>\nEnsaio: \u226599.0%<br \/>\nTypical Properties<\/p>\n<p>ITEMS<br \/>\nSPECIFICATION<\/p>\n<p>Melting point<br \/>\n260-265\u00a0\u00b0C(lit.)<\/p>\n<p>Ponto de ebuli\u00e7\u00e3o<br \/>\n346.76\u00b0C (rough estimate)<\/p>\n<p>densidade<br \/>\n1.2160 (rough estimate)<\/p>\n<p>\u00edndice de refra\u00e7\u00e3o<br \/>\n1.6200 (estimate)<\/p>\n<p>\u00a0<br \/>\nAcacetin application<br \/>\nAcacetin is an O-methylated flavone found in various plants. It is reported to demonstrate spasmolytic, antinociceptive, anti-inflammatory, and antioxidant activity in various research models.<br \/>\nPackaging and Shipping\u00a0<br \/>\ncustomized according to customer needs.<br \/>\nAcacetin Storage<br \/>\nIt should be stored in a clean, dry and cool place, preventing from sunlight, rain.<\/p>","protected":false},"excerpt":{"rendered":"<p>Nome qu\u00edmico: Acacetina<br \/>\nN.\u00ba CAS: 480-44-4<br \/>\nF\u00f3rmula molecular: C16H12O5<br \/>\nPeso molecular: 284,26<br \/>\nAspeto: S\u00f3lido amarelo<br \/>\nEnsaio: \u226599.0%<\/p>","protected":false},"featured_media":5978,"comment_status":"open","ping_status":"closed","template":"","meta":[],"product_brand":[],"product_cat":[17],"product_tag":[],"class_list":{"0":"post-5979","1":"product","2":"type-product","3":"status-publish","4":"has-post-thumbnail","6":"product_cat-uncategorized","8":"first","9":"instock","10":"shipping-taxable","11":"product-type-simple"},"_links":{"self":[{"href":"https:\/\/chemneo.com\/pt\/wp-json\/wp\/v2\/product\/5979","targetHints":{"allow":["GET"]}}],"collection":[{"href":"https:\/\/chemneo.com\/pt\/wp-json\/wp\/v2\/product"}],"about":[{"href":"https:\/\/chemneo.com\/pt\/wp-json\/wp\/v2\/types\/product"}],"replies":[{"embeddable":true,"href":"https:\/\/chemneo.com\/pt\/wp-json\/wp\/v2\/comments?post=5979"}],"wp:featuredmedia":[{"embeddable":true,"href":"https:\/\/chemneo.com\/pt\/wp-json\/wp\/v2\/media\/5978"}],"wp:attachment":[{"href":"https:\/\/chemneo.com\/pt\/wp-json\/wp\/v2\/media?parent=5979"}],"wp:term":[{"taxonomy":"product_brand","embeddable":true,"href":"https:\/\/chemneo.com\/pt\/wp-json\/wp\/v2\/product_brand?post=5979"},{"taxonomy":"product_cat","embeddable":true,"href":"https:\/\/chemneo.com\/pt\/wp-json\/wp\/v2\/product_cat?post=5979"},{"taxonomy":"product_tag","embeddable":true,"href":"https:\/\/chemneo.com\/pt\/wp-json\/wp\/v2\/product_tag?post=5979"}],"curies":[{"name":"wp","href":"https:\/\/api.w.org\/{rel}","templated":true}]}}