{"id":5989,"date":"2024-11-13T11:22:34","date_gmt":"2024-11-13T03:22:34","guid":{"rendered":"https:\/\/chemneo.com\/product\/5989.html"},"modified":"2024-11-13T11:22:35","modified_gmt":"2024-11-13T03:22:35","slug":"3-fluorophenol-cas-372-20-3","status":"publish","type":"product","link":"https:\/\/chemneo.com\/pt\/product\/5989.html","title":{"rendered":"3-Fluorophenol CAS 372-20-3"},"content":{"rendered":"<p>Descri\u00e7\u00e3o<\/p>\n<p>\t3-Fluorophenol Details<br \/>\nChemical Name: 3-Fluorophenol<br \/>\nCAS No.: 372-20-3<br \/>\nMolecular Formula: C6H5FO<br \/>\nPeso molecular: 112,1<br \/>\nMolecular\u00a0Structure:<\/p>\n<p>Aspeto: L\u00edquido<br \/>\nTypical\u00a0Properties<\/p>\n<p>Ponto de fus\u00e3o<br \/>\n8-12 \u00b0C (lit.)<\/p>\n<p>Ponto de ebuli\u00e7\u00e3o<br \/>\n178 \u00b0C (lit.)<\/p>\n<p>Densidade<br \/>\n1.238 g\/mL at 25 \u00b0C (lit.)<\/p>\n<p>\u00cdndice de refra\u00e7\u00e3o<br \/>\nn20\/D 1.514(lit.)<\/p>\n<p>Ponto de inflama\u00e7\u00e3o<br \/>\n160\u00a0\u00b0F<\/p>\n<p>Apar\u00eancia<br \/>\nLqiuid<\/p>\n<p>Colour<br \/>\nYellow<\/p>\n<p>\u00a0<br \/>\n3-Fluorophenol Usage<br \/>\nUsed as an intermediate for medicines, pesticides and dyes.<br \/>\nPackaging and Shipping<br \/>\nPacking: 25KG\/Drum<br \/>\n3-Fluorophenol Storage<br \/>\nKeep in a well-closed,light-resistant, dry and cool place.<\/p>","protected":false},"excerpt":{"rendered":"<p>Chemical Name: 3-Fluorophenol<br \/>\nSynonyms: m-Fluorohenol<br \/>\nCAS No.: 372-20-3<br \/>\nMolecular Formula: C6H5FO<br \/>\nPeso molecular: 112,1<br \/>\nAspeto: L\u00edquido<\/p>","protected":false},"featured_media":5988,"comment_status":"open","ping_status":"closed","template":"","meta":[],"product_brand":[],"product_cat":[17],"product_tag":[],"class_list":{"0":"post-5989","1":"product","2":"type-product","3":"status-publish","4":"has-post-thumbnail","6":"product_cat-uncategorized","8":"first","9":"instock","10":"shipping-taxable","11":"product-type-simple"},"_links":{"self":[{"href":"https:\/\/chemneo.com\/pt\/wp-json\/wp\/v2\/product\/5989","targetHints":{"allow":["GET"]}}],"collection":[{"href":"https:\/\/chemneo.com\/pt\/wp-json\/wp\/v2\/product"}],"about":[{"href":"https:\/\/chemneo.com\/pt\/wp-json\/wp\/v2\/types\/product"}],"replies":[{"embeddable":true,"href":"https:\/\/chemneo.com\/pt\/wp-json\/wp\/v2\/comments?post=5989"}],"wp:featuredmedia":[{"embeddable":true,"href":"https:\/\/chemneo.com\/pt\/wp-json\/wp\/v2\/media\/5988"}],"wp:attachment":[{"href":"https:\/\/chemneo.com\/pt\/wp-json\/wp\/v2\/media?parent=5989"}],"wp:term":[{"taxonomy":"product_brand","embeddable":true,"href":"https:\/\/chemneo.com\/pt\/wp-json\/wp\/v2\/product_brand?post=5989"},{"taxonomy":"product_cat","embeddable":true,"href":"https:\/\/chemneo.com\/pt\/wp-json\/wp\/v2\/product_cat?post=5989"},{"taxonomy":"product_tag","embeddable":true,"href":"https:\/\/chemneo.com\/pt\/wp-json\/wp\/v2\/product_tag?post=5989"}],"curies":[{"name":"wp","href":"https:\/\/api.w.org\/{rel}","templated":true}]}}