{"id":6007,"date":"2024-11-13T11:22:51","date_gmt":"2024-11-13T03:22:51","guid":{"rendered":"https:\/\/chemneo.com\/product\/6007.html"},"modified":"2024-11-13T11:22:52","modified_gmt":"2024-11-13T03:22:52","slug":"2-fluorobenzaldehyde-cas-446-52-6","status":"publish","type":"product","link":"https:\/\/chemneo.com\/pt\/product\/6007.html","title":{"rendered":"2-Fluorobenzalde\u00eddo CAS 446-52-6"},"content":{"rendered":"<p>Descri\u00e7\u00e3o<\/p>\n<p>\t2-Fluorobenzaldehyde Details<br \/>\nChemical Name: 2-Fluorobenzaldehyde<br \/>\nCAS No.: 446-52-6<br \/>\nMolecular Formula: C7H5FO<br \/>\nMolecular Weight: 124.11<br \/>\nMolecular Structure:\u00a0\u00a0<br \/>\nAspeto: L\u00edquido<br \/>\n2-Fluorobenzaldehyde Typical Properties<\/p>\n<p>Ponto de fus\u00e3o<br \/>\n\u221244.5\u00a0\u00b0C(lit.)<\/p>\n<p>Ponto de ebuli\u00e7\u00e3o<br \/>\n90-91\u00a0\u00b0C46\u00a0mm Hg(lit.)<\/p>\n<p>Densidade<br \/>\n1.178\u00a0g\/mL\u00a0at 25\u00a0\u00b0C(lit.)<\/p>\n<p>\u00cdndice de refra\u00e7\u00e3o<br \/>\nn20\/D 1.521(lit.)<\/p>\n<p>Ponto de inflama\u00e7\u00e3o<br \/>\n131\u00a0\u00b0F<\/p>\n<p>Apar\u00eancia<br \/>\nL\u00edquido<\/p>\n<p>Colour<br \/>\nTransparent<\/p>\n<p>Armazenamento<br \/>\nInert atmosphere,2-8\u00b0C<\/p>\n<p>Solubilidade<br \/>\nInsoluble in water<\/p>\n<p>2-Fluorobenzaldehyde Usage<br \/>\nMainly used as pesticide and pharmaceutical intermediates.<br \/>\n2-Fluorobenzaldehyde Packaging and Shipping<br \/>\nPacking: 25KG\/Drum<br \/>\n2-Fluorobenzaldehyde Storage<br \/>\nKeep in a well-closed,light-resistant, dry and cool place.<\/p>","protected":false},"excerpt":{"rendered":"<p>Chemical Name: 2-Fluorobenzaldehyde<br \/>\nCAS No.: 446-52-6<br \/>\nMolecular Formula: C7H5FO<br \/>\nMolecular Weight: 124.11<br \/>\nAspeto: L\u00edquido<\/p>","protected":false},"featured_media":6006,"comment_status":"open","ping_status":"closed","template":"","meta":[],"product_brand":[],"product_cat":[17],"product_tag":[],"class_list":{"0":"post-6007","1":"product","2":"type-product","3":"status-publish","4":"has-post-thumbnail","6":"product_cat-uncategorized","8":"first","9":"instock","10":"shipping-taxable","11":"product-type-simple"},"_links":{"self":[{"href":"https:\/\/chemneo.com\/pt\/wp-json\/wp\/v2\/product\/6007","targetHints":{"allow":["GET"]}}],"collection":[{"href":"https:\/\/chemneo.com\/pt\/wp-json\/wp\/v2\/product"}],"about":[{"href":"https:\/\/chemneo.com\/pt\/wp-json\/wp\/v2\/types\/product"}],"replies":[{"embeddable":true,"href":"https:\/\/chemneo.com\/pt\/wp-json\/wp\/v2\/comments?post=6007"}],"wp:featuredmedia":[{"embeddable":true,"href":"https:\/\/chemneo.com\/pt\/wp-json\/wp\/v2\/media\/6006"}],"wp:attachment":[{"href":"https:\/\/chemneo.com\/pt\/wp-json\/wp\/v2\/media?parent=6007"}],"wp:term":[{"taxonomy":"product_brand","embeddable":true,"href":"https:\/\/chemneo.com\/pt\/wp-json\/wp\/v2\/product_brand?post=6007"},{"taxonomy":"product_cat","embeddable":true,"href":"https:\/\/chemneo.com\/pt\/wp-json\/wp\/v2\/product_cat?post=6007"},{"taxonomy":"product_tag","embeddable":true,"href":"https:\/\/chemneo.com\/pt\/wp-json\/wp\/v2\/product_tag?post=6007"}],"curies":[{"name":"wp","href":"https:\/\/api.w.org\/{rel}","templated":true}]}}