{"id":6011,"date":"2024-11-13T11:22:55","date_gmt":"2024-11-13T03:22:55","guid":{"rendered":"https:\/\/chemneo.com\/product\/6011.html"},"modified":"2024-11-13T11:22:56","modified_gmt":"2024-11-13T03:22:56","slug":"dipotassium-hydrogen-phosphate-trihydrate-cas-16788-57-1","status":"publish","type":"product","link":"https:\/\/chemneo.com\/pt\/product\/6011.html","title":{"rendered":"Fosfato de hidrog\u00e9nio dipot\u00e1ssico tri-hidratado CAS 16788-57-1"},"content":{"rendered":"<p>Descri\u00e7\u00e3o<\/p>\n<p>\tDipotassium Hydrogen Phosphate Trihydrate Details<br \/>\nDenomina\u00e7\u00e3o qu\u00edmica: Fosfato de hidrog\u00e9nio dipot\u00e1ssico tri-hidratado<br \/>\nSin\u00f3nimos: Hidrogeno-ortofosfato dipot\u00e1ssico tri-hidratado; fosfato de pot\u00e1ssio dib\u00e1sico tri-hidratado; di-hidrogenofosfato de pot\u00e1ssio; monofosfato de pot\u00e1ssio tri-hidratado<br \/>\nN.\u00ba CAS: 16788-57-1<br \/>\nF\u00f3rmula molecular: K2HPO4.3(H2O)<br \/>\nPeso molecular: 228,22<br \/>\nMolecular\u00a0Structure:<\/p>\n<p>Aspeto: p\u00f3<br \/>\nDipotassium Hydrogen Phosphate Typical Properties<\/p>\n<p>Melting point<br \/>\n340\u00b0C(anhydrous substance),decomposes<\/p>\n<p>Water Solubility<br \/>\nH2O:4\u00a0Mat\u00a020\u00a0\u00b0C,clear,colorless<\/p>\n<p>Armazenamento<br \/>\nroom temp<\/p>\n<p>Apar\u00eancia<br \/>\nCrystalline powder<\/p>\n<p>Colour<br \/>\nBranco<\/p>\n<p>PH<br \/>\n9.1-9.4 (25\u2103, 50mg\/mL in H2O)<\/p>\n<p>Dipotassium Hydrogen Phosphate Usage<br \/>\nUsed to prepare buffer, buffer in cryoprotectant, nutrient in antibiotic culture medium<br \/>\nDipotassium Hydrogen Phosphate Packaging and Shipping<br \/>\nPacking: 25KG\/Drum<br \/>\nArmazenamento<br \/>\nKeep in a well-closed, light-resistant, dry and cool place.<\/p>","protected":false},"excerpt":{"rendered":"<p>Denomina\u00e7\u00e3o qu\u00edmica: Fosfato de hidrog\u00e9nio dipot\u00e1ssico tri-hidratado<br \/>\nSin\u00f3nimos: Hidrogeno-ortofosfato dipot\u00e1ssico tri-hidratado; fosfato de pot\u00e1ssio dib\u00e1sico tri-hidratado; di-hidrogenofosfato de pot\u00e1ssio; monofosfato de pot\u00e1ssio tri-hidratado<br \/>\nN.\u00ba CAS: 16788-57-1<br \/>\nF\u00f3rmula molecular: K2HPO4.3(H2O)<br \/>\nPeso molecular: 228,22<\/p>","protected":false},"featured_media":6010,"comment_status":"open","ping_status":"closed","template":"","meta":[],"product_brand":[],"product_cat":[17],"product_tag":[],"class_list":{"0":"post-6011","1":"product","2":"type-product","3":"status-publish","4":"has-post-thumbnail","6":"product_cat-uncategorized","8":"first","9":"instock","10":"shipping-taxable","11":"product-type-simple"},"_links":{"self":[{"href":"https:\/\/chemneo.com\/pt\/wp-json\/wp\/v2\/product\/6011","targetHints":{"allow":["GET"]}}],"collection":[{"href":"https:\/\/chemneo.com\/pt\/wp-json\/wp\/v2\/product"}],"about":[{"href":"https:\/\/chemneo.com\/pt\/wp-json\/wp\/v2\/types\/product"}],"replies":[{"embeddable":true,"href":"https:\/\/chemneo.com\/pt\/wp-json\/wp\/v2\/comments?post=6011"}],"wp:featuredmedia":[{"embeddable":true,"href":"https:\/\/chemneo.com\/pt\/wp-json\/wp\/v2\/media\/6010"}],"wp:attachment":[{"href":"https:\/\/chemneo.com\/pt\/wp-json\/wp\/v2\/media?parent=6011"}],"wp:term":[{"taxonomy":"product_brand","embeddable":true,"href":"https:\/\/chemneo.com\/pt\/wp-json\/wp\/v2\/product_brand?post=6011"},{"taxonomy":"product_cat","embeddable":true,"href":"https:\/\/chemneo.com\/pt\/wp-json\/wp\/v2\/product_cat?post=6011"},{"taxonomy":"product_tag","embeddable":true,"href":"https:\/\/chemneo.com\/pt\/wp-json\/wp\/v2\/product_tag?post=6011"}],"curies":[{"name":"wp","href":"https:\/\/api.w.org\/{rel}","templated":true}]}}