{"id":6121,"date":"2024-11-13T11:24:36","date_gmt":"2024-11-13T03:24:36","guid":{"rendered":"https:\/\/chemneo.com\/product\/6121.html"},"modified":"2024-11-13T11:24:38","modified_gmt":"2024-11-13T03:24:38","slug":"triphenylpropylphosphonium-bromide-cas-6228-47-3","status":"publish","type":"product","link":"https:\/\/chemneo.com\/pt\/product\/6121.html","title":{"rendered":"Brometo de trifenil(propil)fosf\u00f3nio CAS 6228-47-3"},"content":{"rendered":"<p>Descri\u00e7\u00e3o<\/p>\n<p>\tTriphenyl(propyl)phosphonium bromide\u00a0Quick Details<br \/>\nChemical Name: Triphenyl(propyl)phosphonium bromide<br \/>\nCAS No.:6228-47-3<br \/>\nMolecular Fomula: C21H22BrP<br \/>\nChemical Structure:<br \/>\nMolecular weight:\u00a0385.28<br \/>\nTriphenyl(propyl)phosphonium bromide\u00a0\u00a0Typical Properties<\/p>\n<p>ITEMS<br \/>\nSPECIFICATION<\/p>\n<p>Apar\u00eancia<br \/>\nWhite to off white solid<\/p>\n<p>Melt point<br \/>\n236-238\u00a0\u00b0C<\/p>\n<p>Triphenyl(propyl)phosphonium bromide application:<br \/>\nPharma intermediates<br \/>\nTriphenyl(propyl)phosphonium bromide \u00a0\u00a0Packaging and Shipping\u00a0<br \/>\ncustomized according to customer needs.<br \/>\nTriphenyl(propyl)phosphonium bromide \u00a0Storage<br \/>\nIt should be stored in a clean, dry and cool place, preventing from sunlight, rain.<\/p>","protected":false},"excerpt":{"rendered":"<p>Chemical Name: Triphenyl(propyl)phosphonium bromide<br \/>\nCAS No.:6228-47-3<br \/>\nAspeto: S\u00f3lido branco a esbranqui\u00e7ado<br \/>\nAmostra: dispon\u00edvel<\/p>","protected":false},"featured_media":6120,"comment_status":"open","ping_status":"closed","template":"","meta":[],"product_brand":[],"product_cat":[17],"product_tag":[],"class_list":{"0":"post-6121","1":"product","2":"type-product","3":"status-publish","4":"has-post-thumbnail","6":"product_cat-uncategorized","8":"first","9":"instock","10":"shipping-taxable","11":"product-type-simple"},"_links":{"self":[{"href":"https:\/\/chemneo.com\/pt\/wp-json\/wp\/v2\/product\/6121","targetHints":{"allow":["GET"]}}],"collection":[{"href":"https:\/\/chemneo.com\/pt\/wp-json\/wp\/v2\/product"}],"about":[{"href":"https:\/\/chemneo.com\/pt\/wp-json\/wp\/v2\/types\/product"}],"replies":[{"embeddable":true,"href":"https:\/\/chemneo.com\/pt\/wp-json\/wp\/v2\/comments?post=6121"}],"wp:featuredmedia":[{"embeddable":true,"href":"https:\/\/chemneo.com\/pt\/wp-json\/wp\/v2\/media\/6120"}],"wp:attachment":[{"href":"https:\/\/chemneo.com\/pt\/wp-json\/wp\/v2\/media?parent=6121"}],"wp:term":[{"taxonomy":"product_brand","embeddable":true,"href":"https:\/\/chemneo.com\/pt\/wp-json\/wp\/v2\/product_brand?post=6121"},{"taxonomy":"product_cat","embeddable":true,"href":"https:\/\/chemneo.com\/pt\/wp-json\/wp\/v2\/product_cat?post=6121"},{"taxonomy":"product_tag","embeddable":true,"href":"https:\/\/chemneo.com\/pt\/wp-json\/wp\/v2\/product_tag?post=6121"}],"curies":[{"name":"wp","href":"https:\/\/api.w.org\/{rel}","templated":true}]}}