{"id":6129,"date":"2024-11-13T11:24:45","date_gmt":"2024-11-13T03:24:45","guid":{"rendered":"https:\/\/chemneo.com\/product\/6129.html"},"modified":"2024-11-13T11:24:46","modified_gmt":"2024-11-13T03:24:46","slug":"3-guanidinopropionic-acid-cas-353-09-3","status":"publish","type":"product","link":"https:\/\/chemneo.com\/pt\/product\/6129.html","title":{"rendered":"\u00c1cido 3-Guanidinopropi\u00f3nico CAS 353-09-3"},"content":{"rendered":"<p>Descri\u00e7\u00e3o<\/p>\n<p>\t3-Guanidinopropionic acid Quick Details<br \/>\nDenomina\u00e7\u00e3o qu\u00edmica: \u00c1cido 3-Guanidinopropi\u00f3nico<br \/>\nN.\u00ba CAS: 353-09-3<br \/>\nF\u00f3rmula molecular: C4H9N3O2<br \/>\nChemical Structure:<br \/>\nPeso molecular: 131,13<br \/>\nAspeto: S\u00f3lido<br \/>\nEnsaio: 98%<br \/>\n3-Guanidinopropionic acid\u00a0Typical Properties<\/p>\n<p>ITEMS<br \/>\nSPECIFICATION<\/p>\n<p>Product name<br \/>\n3-Guanidinopropionic acid<\/p>\n<p>Apar\u00eancia<br \/>\nSolid<\/p>\n<p>3-Guanidinopropionic acid\u00a0application:<br \/>\nUsed as food, beverage, feed additives, nutrition fortifier, cosmetic surfactants and pharmaceutical raw materials\u00a0<br \/>\n3-Guanidinopropionic acid\u00a0Packaging and Shipping\u00a0<br \/>\ncustomized according to customer needs.<br \/>\n3-Guanidinopropionic acid Storage<br \/>\nIt should be stored in a clean, dry and cool place, preventing from sunlight, rain.<\/p>","protected":false},"excerpt":{"rendered":"<p>Denomina\u00e7\u00e3o qu\u00edmica: \u00c1cido 3-Guanidinopropi\u00f3nico<br \/>\nN.\u00ba CAS: 353-09-3<br \/>\nAspeto: S\u00f3lido<br \/>\nEnsaio: 98%<\/p>","protected":false},"featured_media":6128,"comment_status":"open","ping_status":"closed","template":"","meta":[],"product_brand":[],"product_cat":[17],"product_tag":[],"class_list":{"0":"post-6129","1":"product","2":"type-product","3":"status-publish","4":"has-post-thumbnail","6":"product_cat-uncategorized","8":"first","9":"instock","10":"shipping-taxable","11":"product-type-simple"},"_links":{"self":[{"href":"https:\/\/chemneo.com\/pt\/wp-json\/wp\/v2\/product\/6129","targetHints":{"allow":["GET"]}}],"collection":[{"href":"https:\/\/chemneo.com\/pt\/wp-json\/wp\/v2\/product"}],"about":[{"href":"https:\/\/chemneo.com\/pt\/wp-json\/wp\/v2\/types\/product"}],"replies":[{"embeddable":true,"href":"https:\/\/chemneo.com\/pt\/wp-json\/wp\/v2\/comments?post=6129"}],"wp:featuredmedia":[{"embeddable":true,"href":"https:\/\/chemneo.com\/pt\/wp-json\/wp\/v2\/media\/6128"}],"wp:attachment":[{"href":"https:\/\/chemneo.com\/pt\/wp-json\/wp\/v2\/media?parent=6129"}],"wp:term":[{"taxonomy":"product_brand","embeddable":true,"href":"https:\/\/chemneo.com\/pt\/wp-json\/wp\/v2\/product_brand?post=6129"},{"taxonomy":"product_cat","embeddable":true,"href":"https:\/\/chemneo.com\/pt\/wp-json\/wp\/v2\/product_cat?post=6129"},{"taxonomy":"product_tag","embeddable":true,"href":"https:\/\/chemneo.com\/pt\/wp-json\/wp\/v2\/product_tag?post=6129"}],"curies":[{"name":"wp","href":"https:\/\/api.w.org\/{rel}","templated":true}]}}