{"id":6147,"date":"2024-11-13T11:25:01","date_gmt":"2024-11-13T03:25:01","guid":{"rendered":"https:\/\/chemneo.com\/product\/6147.html"},"modified":"2024-11-13T11:25:02","modified_gmt":"2024-11-13T03:25:02","slug":"decanoyl-chloride-cas-112-13-0","status":"publish","type":"product","link":"https:\/\/chemneo.com\/pt\/product\/6147.html","title":{"rendered":"Cloreto de decano\u00edlo CAS 112-13-0"},"content":{"rendered":"<p>Descri\u00e7\u00e3o<\/p>\n<p>\tDecanoyl chloride\u00a0Details<br \/>\nChemical Name:Decanoyl chloride<br \/>\nCAS No.: 112-13-0<br \/>\nMolecular Fomula: C10H19ClO<br \/>\nChemical Structure:<br \/>\nMolecular weight:190.71<br \/>\nAspeto: p\u00f3 branco<br \/>\nEnsaio\uff1a\u226598.0%<br \/>\nDecanoyl chloride\u00a0Properties<\/p>\n<p>ITEMS<br \/>\nSPECIFICATION<\/p>\n<p>Ensaio<br \/>\n\u226598.0%<\/p>\n<p>Moisture<br \/>\n\u22640.5<\/p>\n<p>Melting point<br \/>\n94-96 \u00b0C\/5 mmHg (lit.)<\/p>\n<p>Densidade<br \/>\n0.919 g\/mL<\/p>\n<p>Decanoyl chloride\u00a0application:<br \/>\nPharmaceutical intermediates..<br \/>\nDecanoyl chloride\u00a0Packaging and Shipping\u00a0<br \/>\n25kg\/drum;customized according to customer needs.<br \/>\nDecanoyl chloride\u00a0Storage<br \/>\nIt should be stored in a clean, dry and cool place, preventing from sunlight, rain.<\/p>","protected":false},"excerpt":{"rendered":"<p>Chemical Name:Decanoyl chloride<br \/>\nCAS No.: 112-13-0<br \/>\nAspeto: p\u00f3 branco<br \/>\nEnsaio\uff1a\u226598.0%<\/p>","protected":false},"featured_media":6146,"comment_status":"open","ping_status":"closed","template":"","meta":[],"product_brand":[],"product_cat":[17],"product_tag":[],"class_list":{"0":"post-6147","1":"product","2":"type-product","3":"status-publish","4":"has-post-thumbnail","6":"product_cat-uncategorized","8":"first","9":"instock","10":"shipping-taxable","11":"product-type-simple"},"_links":{"self":[{"href":"https:\/\/chemneo.com\/pt\/wp-json\/wp\/v2\/product\/6147","targetHints":{"allow":["GET"]}}],"collection":[{"href":"https:\/\/chemneo.com\/pt\/wp-json\/wp\/v2\/product"}],"about":[{"href":"https:\/\/chemneo.com\/pt\/wp-json\/wp\/v2\/types\/product"}],"replies":[{"embeddable":true,"href":"https:\/\/chemneo.com\/pt\/wp-json\/wp\/v2\/comments?post=6147"}],"wp:featuredmedia":[{"embeddable":true,"href":"https:\/\/chemneo.com\/pt\/wp-json\/wp\/v2\/media\/6146"}],"wp:attachment":[{"href":"https:\/\/chemneo.com\/pt\/wp-json\/wp\/v2\/media?parent=6147"}],"wp:term":[{"taxonomy":"product_brand","embeddable":true,"href":"https:\/\/chemneo.com\/pt\/wp-json\/wp\/v2\/product_brand?post=6147"},{"taxonomy":"product_cat","embeddable":true,"href":"https:\/\/chemneo.com\/pt\/wp-json\/wp\/v2\/product_cat?post=6147"},{"taxonomy":"product_tag","embeddable":true,"href":"https:\/\/chemneo.com\/pt\/wp-json\/wp\/v2\/product_tag?post=6147"}],"curies":[{"name":"wp","href":"https:\/\/api.w.org\/{rel}","templated":true}]}}