{"id":6153,"date":"2024-11-13T11:25:06","date_gmt":"2024-11-13T03:25:06","guid":{"rendered":"https:\/\/chemneo.com\/product\/6153.html"},"modified":"2024-11-13T11:25:08","modified_gmt":"2024-11-13T03:25:08","slug":"sodium-1-octanesulfonate-cas-5324-84-5","status":"publish","type":"product","link":"https:\/\/chemneo.com\/pt\/product\/6153.html","title":{"rendered":"1-octanossulfonato de s\u00f3dio CAS 5324-84-5"},"content":{"rendered":"<p>Descri\u00e7\u00e3o<\/p>\n<p>\tSodium 1-octanesulfonate\u00a0Quick Details<br \/>\nChemical Name: Sodium 1-octanesulfonate<br \/>\nCAS No.:5324-84-5<br \/>\nMolecular Fomula: C8H17NaO3S<br \/>\nChemical Structure:<br \/>\nMassa molecular: 216,27<br \/>\nAspeto: P\u00f3 cristalino branco<br \/>\nEnsaio\uff1a\u226598.0%<br \/>\nSodium 1-octanesulfonate\u00a0Typical Properties<\/p>\n<p>ITEMS<br \/>\nSPECIFICATION<\/p>\n<p>Apar\u00eancia<br \/>\nWhite crystal powder<\/p>\n<p>Ensaio<br \/>\n\u226598.0%<\/p>\n<p>pH<br \/>\n5.5-7.5 (100g\/l, H2O, 20\u2103)<\/p>\n<p>Sodium 1-octanesulfonate\u00a0application:<br \/>\nUsed for peptide and protein analysis. Intermediate for the preparation of antistatic polyester fibers. Surfactant.<br \/>\nSodium 1-octanesulfonate\u00a0Packaging and Shipping\u00a0<br \/>\n25kg\/drum or 170kg\/drum.<br \/>\nSodium 1-octanesulfonate\u00a0Storage<br \/>\nIt should be stored in a clean, dry and cool place, preventing from sunlight, rain.<\/p>","protected":false},"excerpt":{"rendered":"<p>Chemical Name: Sodium 1-octanesulfonate<br \/>\nCAS No.:5324-84-5<br \/>\nAspeto: P\u00f3 cristalino branco<br \/>\nEnsaio\uff1a\u226598.0%<\/p>","protected":false},"featured_media":6152,"comment_status":"open","ping_status":"closed","template":"","meta":[],"product_brand":[],"product_cat":[17],"product_tag":[],"class_list":{"0":"post-6153","1":"product","2":"type-product","3":"status-publish","4":"has-post-thumbnail","6":"product_cat-uncategorized","8":"first","9":"instock","10":"shipping-taxable","11":"product-type-simple"},"_links":{"self":[{"href":"https:\/\/chemneo.com\/pt\/wp-json\/wp\/v2\/product\/6153","targetHints":{"allow":["GET"]}}],"collection":[{"href":"https:\/\/chemneo.com\/pt\/wp-json\/wp\/v2\/product"}],"about":[{"href":"https:\/\/chemneo.com\/pt\/wp-json\/wp\/v2\/types\/product"}],"replies":[{"embeddable":true,"href":"https:\/\/chemneo.com\/pt\/wp-json\/wp\/v2\/comments?post=6153"}],"wp:featuredmedia":[{"embeddable":true,"href":"https:\/\/chemneo.com\/pt\/wp-json\/wp\/v2\/media\/6152"}],"wp:attachment":[{"href":"https:\/\/chemneo.com\/pt\/wp-json\/wp\/v2\/media?parent=6153"}],"wp:term":[{"taxonomy":"product_brand","embeddable":true,"href":"https:\/\/chemneo.com\/pt\/wp-json\/wp\/v2\/product_brand?post=6153"},{"taxonomy":"product_cat","embeddable":true,"href":"https:\/\/chemneo.com\/pt\/wp-json\/wp\/v2\/product_cat?post=6153"},{"taxonomy":"product_tag","embeddable":true,"href":"https:\/\/chemneo.com\/pt\/wp-json\/wp\/v2\/product_tag?post=6153"}],"curies":[{"name":"wp","href":"https:\/\/api.w.org\/{rel}","templated":true}]}}