{"id":6155,"date":"2024-11-13T11:25:08","date_gmt":"2024-11-13T03:25:08","guid":{"rendered":"https:\/\/chemneo.com\/product\/6155.html"},"modified":"2024-11-13T11:25:09","modified_gmt":"2024-11-13T03:25:09","slug":"sodium-coceth-30-sulfate-cas-68891-38-3","status":"publish","type":"product","link":"https:\/\/chemneo.com\/pt\/product\/6155.html","title":{"rendered":"SULFATO DE S\u00d3DIO COCETH-30 CAS 68891-38-3"},"content":{"rendered":"<p>Descri\u00e7\u00e3o<\/p>\n<p>\tSODIUM COCETH-30 SULFATE\u00a0Quick Details<br \/>\nChemical Name: SODIUM COCETH-30 SULFATE<br \/>\nCAS No.:68891-38-3<br \/>\nMolecular Fomula: N\/A<br \/>\nEstrutura qu\u00edmica:N\/A<br \/>\nPeso molecular: N\/A<br \/>\nAppearance:\u00a0White or light yellow gel<br \/>\nAssay\uff1a\u226570.0%<br \/>\nSODIUM COCETH-30 SULFATE\u00a0Typical Properties<\/p>\n<p>ITEMS<br \/>\nSPECIFICATION<\/p>\n<p>Apar\u00eancia<br \/>\nWhite or light yellow gel<\/p>\n<p>Ensaio<br \/>\n\u226570.0%<\/p>\n<p>SODIUM COCETH-30 SULFATE\u00a0application:<br \/>\nFor detergent, hand soap, laundry detergent<br \/>\nSODIUM COCETH-30 SULFATE\u00a0Packaging and Shipping\u00a0<br \/>\n170kg\/drum<br \/>\nSODIUM COCETH-30 SULFATE\u00a0Storage<br \/>\nIt should be stored in a clean, dry and cool place, preventing from sunlight, rain.<\/p>","protected":false},"excerpt":{"rendered":"<p>Chemical Name: SODIUM COCETH-30 SULFATE<br \/>\nCAS No.:68891-38-3<br \/>\nAppearance:\u00a0White or light yellow gel<br \/>\nAssay\uff1a\u226570.0%<\/p>","protected":false},"featured_media":6154,"comment_status":"open","ping_status":"closed","template":"","meta":[],"product_brand":[],"product_cat":[17],"product_tag":[],"class_list":{"0":"post-6155","1":"product","2":"type-product","3":"status-publish","4":"has-post-thumbnail","6":"product_cat-uncategorized","8":"first","9":"instock","10":"shipping-taxable","11":"product-type-simple"},"_links":{"self":[{"href":"https:\/\/chemneo.com\/pt\/wp-json\/wp\/v2\/product\/6155","targetHints":{"allow":["GET"]}}],"collection":[{"href":"https:\/\/chemneo.com\/pt\/wp-json\/wp\/v2\/product"}],"about":[{"href":"https:\/\/chemneo.com\/pt\/wp-json\/wp\/v2\/types\/product"}],"replies":[{"embeddable":true,"href":"https:\/\/chemneo.com\/pt\/wp-json\/wp\/v2\/comments?post=6155"}],"wp:featuredmedia":[{"embeddable":true,"href":"https:\/\/chemneo.com\/pt\/wp-json\/wp\/v2\/media\/6154"}],"wp:attachment":[{"href":"https:\/\/chemneo.com\/pt\/wp-json\/wp\/v2\/media?parent=6155"}],"wp:term":[{"taxonomy":"product_brand","embeddable":true,"href":"https:\/\/chemneo.com\/pt\/wp-json\/wp\/v2\/product_brand?post=6155"},{"taxonomy":"product_cat","embeddable":true,"href":"https:\/\/chemneo.com\/pt\/wp-json\/wp\/v2\/product_cat?post=6155"},{"taxonomy":"product_tag","embeddable":true,"href":"https:\/\/chemneo.com\/pt\/wp-json\/wp\/v2\/product_tag?post=6155"}],"curies":[{"name":"wp","href":"https:\/\/api.w.org\/{rel}","templated":true}]}}