{"id":6171,"date":"2024-11-13T11:25:22","date_gmt":"2024-11-13T03:25:22","guid":{"rendered":"https:\/\/chemneo.com\/product\/6171.html"},"modified":"2024-11-13T11:25:23","modified_gmt":"2024-11-13T03:25:23","slug":"acrylic-acid-hydroxypropyl-acrylate-copolymer-cas-55719-33-0","status":"publish","type":"product","link":"https:\/\/chemneo.com\/pt\/product\/6171.html","title":{"rendered":"Copol\u00edmero de \u00e1cido acr\u00edlico e acrilato de hidroxipropilo CAS 55719-33-0"},"content":{"rendered":"<p>Descri\u00e7\u00e3o<\/p>\n<p>\tAcrylic acid-hydroxypropyl acrylate copolymer\u00a0Quick Details<br \/>\nChemical Name:\u00a0Acrylic acid-hydroxypropyl acrylate copolymer<br \/>\nCAS No.: 55719-33-0<br \/>\nMolecular Fomula:\u00a0C9H14O5<br \/>\nChemical Structure:<br \/>\nMolecular weight: 202.21<br \/>\nAppearance:\u00a0Colorless or light yellow transparent liquid<br \/>\nAssay\uff1a99%min<br \/>\nAcrylic acid-hydroxypropyl acrylate copolymer\u00a0Typical Properties<\/p>\n<p>ITEMS<br \/>\nSPECIFICATION<\/p>\n<p>Apar\u00eancia<br \/>\nColorless or light yellow transparent liquid<\/p>\n<p>Assay, %<br \/>\n99%min<\/p>\n<p>Acrylic acid-hydroxypropyl acrylate copolymer\u00a0application:<br \/>\nSuitable for use in alkaline conditions and circulating cooling water with a high concentration of phosphates<br \/>\nAcrylic acid-hydroxypropyl acrylate copolymer\u00a0Packaging and Shipping\u00a0<br \/>\n50KG Drum\/Customized according to customer needs<br \/>\nAcrylic acid-hydroxypropyl acrylate copolymer\u00a0Storage<br \/>\nKeep closed and store in a dry and ventilated place.<\/p>","protected":false},"excerpt":{"rendered":"<p>Chemical Name:\u00a0Acrylic acid-hydroxypropyl acrylate copolymer<br \/>\nCAS No.: 55719-33-0<br \/>\nAppearance:\u00a0Colorless or light yellow transparent liquid<br \/>\nAssay\uff1a99%min<\/p>","protected":false},"featured_media":6170,"comment_status":"open","ping_status":"closed","template":"","meta":[],"product_brand":[],"product_cat":[17],"product_tag":[],"class_list":{"0":"post-6171","1":"product","2":"type-product","3":"status-publish","4":"has-post-thumbnail","6":"product_cat-uncategorized","8":"first","9":"instock","10":"shipping-taxable","11":"product-type-simple"},"_links":{"self":[{"href":"https:\/\/chemneo.com\/pt\/wp-json\/wp\/v2\/product\/6171","targetHints":{"allow":["GET"]}}],"collection":[{"href":"https:\/\/chemneo.com\/pt\/wp-json\/wp\/v2\/product"}],"about":[{"href":"https:\/\/chemneo.com\/pt\/wp-json\/wp\/v2\/types\/product"}],"replies":[{"embeddable":true,"href":"https:\/\/chemneo.com\/pt\/wp-json\/wp\/v2\/comments?post=6171"}],"wp:featuredmedia":[{"embeddable":true,"href":"https:\/\/chemneo.com\/pt\/wp-json\/wp\/v2\/media\/6170"}],"wp:attachment":[{"href":"https:\/\/chemneo.com\/pt\/wp-json\/wp\/v2\/media?parent=6171"}],"wp:term":[{"taxonomy":"product_brand","embeddable":true,"href":"https:\/\/chemneo.com\/pt\/wp-json\/wp\/v2\/product_brand?post=6171"},{"taxonomy":"product_cat","embeddable":true,"href":"https:\/\/chemneo.com\/pt\/wp-json\/wp\/v2\/product_cat?post=6171"},{"taxonomy":"product_tag","embeddable":true,"href":"https:\/\/chemneo.com\/pt\/wp-json\/wp\/v2\/product_tag?post=6171"}],"curies":[{"name":"wp","href":"https:\/\/api.w.org\/{rel}","templated":true}]}}