{"id":6193,"date":"2024-11-13T11:25:42","date_gmt":"2024-11-13T03:25:42","guid":{"rendered":"https:\/\/chemneo.com\/product\/6193.html"},"modified":"2024-11-13T11:25:43","modified_gmt":"2024-11-13T03:25:43","slug":"44%e2%80%b2-dimethoxytrityl-chloride-cas-40615-36-9","status":"publish","type":"product","link":"https:\/\/chemneo.com\/pt\/product\/6193.html","title":{"rendered":"Cloreto de 4,4\u2032-dimetoxitrilo CAS 40615-36-9"},"content":{"rendered":"<p>Descri\u00e7\u00e3o<\/p>\n<p>\t4,4\u2032-Dimethoxytrityl chloride Details<br \/>\nChemical Name: 4,4\u2032-Dimethoxytrityl chloride<br \/>\nCAS No.: 40615-36-9<br \/>\nMolecular Formula: C21H19ClO2<br \/>\nMolecular Weight: 338.83<br \/>\nMolecular\u00a0Structure:<br \/>\nAspeto: P\u00f3<br \/>\n4,4\u2032-Dimethoxytrityl chloride Typical Properties<\/p>\n<p>Ponto de fus\u00e3o<br \/>\n123-125\u00a0\u00b0C<\/p>\n<p>Ponto de ebuli\u00e7\u00e3o<br \/>\n455.07\u00b0C (rough estimate)<\/p>\n<p>Densidade<br \/>\n1.0887 (rough estimate)<\/p>\n<p>Vapor Pressure<br \/>\n0Pa at 20\u2103<\/p>\n<p>\u00cdndice de refra\u00e7\u00e3o<br \/>\n1.5330 (estimate)<\/p>\n<p>Armazenamento<br \/>\nInert atmosphere,Room Temperature<\/p>\n<p>Apar\u00eancia<br \/>\nP\u00f3<\/p>\n<p>Colour<br \/>\nPink<\/p>\n<p>4,4\u2032-Dimethoxytrityl chloride Usage<br \/>\nCan be used as an effective group protecting agent; eliminating agent; hydroxyl protecting agent for nucleosides and nucleotides.<br \/>\n4,4\u2032-Dimethoxytrityl chloride Packaging and Shipping<br \/>\nPacking: 25KG\/Drum<br \/>\n4,4\u2032-Dimethoxytrityl chloride Storage<br \/>\nKeep in a well-closed,light-resistant, dry and cool place.<\/p>","protected":false},"excerpt":{"rendered":"<p>Chemical Name: 4,4\u2032-Dimethoxytrityl chloride<br \/>\nCAS No.: 40615-36-9<br \/>\nMolecular Formula: C21H19ClO2<br \/>\nMolecular Weight: 338.83<br \/>\nAspeto: P\u00f3<\/p>","protected":false},"featured_media":6192,"comment_status":"open","ping_status":"closed","template":"","meta":[],"product_brand":[],"product_cat":[17],"product_tag":[],"class_list":{"0":"post-6193","1":"product","2":"type-product","3":"status-publish","4":"has-post-thumbnail","6":"product_cat-uncategorized","8":"first","9":"instock","10":"shipping-taxable","11":"product-type-simple"},"_links":{"self":[{"href":"https:\/\/chemneo.com\/pt\/wp-json\/wp\/v2\/product\/6193","targetHints":{"allow":["GET"]}}],"collection":[{"href":"https:\/\/chemneo.com\/pt\/wp-json\/wp\/v2\/product"}],"about":[{"href":"https:\/\/chemneo.com\/pt\/wp-json\/wp\/v2\/types\/product"}],"replies":[{"embeddable":true,"href":"https:\/\/chemneo.com\/pt\/wp-json\/wp\/v2\/comments?post=6193"}],"wp:featuredmedia":[{"embeddable":true,"href":"https:\/\/chemneo.com\/pt\/wp-json\/wp\/v2\/media\/6192"}],"wp:attachment":[{"href":"https:\/\/chemneo.com\/pt\/wp-json\/wp\/v2\/media?parent=6193"}],"wp:term":[{"taxonomy":"product_brand","embeddable":true,"href":"https:\/\/chemneo.com\/pt\/wp-json\/wp\/v2\/product_brand?post=6193"},{"taxonomy":"product_cat","embeddable":true,"href":"https:\/\/chemneo.com\/pt\/wp-json\/wp\/v2\/product_cat?post=6193"},{"taxonomy":"product_tag","embeddable":true,"href":"https:\/\/chemneo.com\/pt\/wp-json\/wp\/v2\/product_tag?post=6193"}],"curies":[{"name":"wp","href":"https:\/\/api.w.org\/{rel}","templated":true}]}}