{"id":6293,"date":"2024-11-13T11:27:13","date_gmt":"2024-11-13T03:27:13","guid":{"rendered":"https:\/\/chemneo.com\/product\/6293.html"},"modified":"2024-11-13T11:27:15","modified_gmt":"2024-11-13T03:27:15","slug":"p-toluquinone-cas-553-97-9","status":"publish","type":"product","link":"https:\/\/chemneo.com\/pt\/product\/6293.html","title":{"rendered":"P-Toluquinona CAS 553-97-9"},"content":{"rendered":"<p>Descri\u00e7\u00e3o<\/p>\n<p>\tp-Toluquinone Quick Details<br \/>\nChemical Name: p-Toluquinone<br \/>\nCAS No.: 553-97-9<br \/>\nMolecular Fomula: C7H6O2<br \/>\nChemical Structure:<\/p>\n<p>Molecular weight:122.12<br \/>\nAppearance:\u00a0Yellow green crystal<br \/>\nAssay\uff1a99%<br \/>\np-Toluquinone Typical Properties<\/p>\n<p>ITEMS<br \/>\nSPECIFICATION<\/p>\n<p>Densidade<br \/>\n1.0800<\/p>\n<p>Ponto de ebuli\u00e7\u00e3o<br \/>\n187.52\u00b0C (rough estimate)<\/p>\n<p>Melt point<br \/>\n66-67\u00a0\u00b0C(lit.)<\/p>\n<p>\u00cdndice de refra\u00e7\u00e3o<br \/>\n1.5286 (estimate)<\/p>\n<p>p-Toluquinone application:<br \/>\np-Toluquinone was used in pigments, dyes and pharmaceutical intermediates.<br \/>\np-Toluquinone Packaging and Shipping\u00a0<br \/>\ncustomized according to customer needs.<br \/>\np-Toluquinone Storage<br \/>\nIt should be stored in a clean, dry and cool place, preventing from sunlight, rain.<\/p>","protected":false},"excerpt":{"rendered":"<p>Chemical Name: p-Toluquinone<br \/>\nCAS No.: 553-97-9<br \/>\nMolecular Fomula: C7H6O2<br \/>\nMolecular weight: 122.12<br \/>\nAppearance:\u00a0Yellow green crystal<br \/>\nAssay\uff1a99%<\/p>","protected":false},"featured_media":6292,"comment_status":"open","ping_status":"closed","template":"","meta":[],"product_brand":[],"product_cat":[17],"product_tag":[],"class_list":{"0":"post-6293","1":"product","2":"type-product","3":"status-publish","4":"has-post-thumbnail","6":"product_cat-uncategorized","8":"first","9":"instock","10":"shipping-taxable","11":"product-type-simple"},"_links":{"self":[{"href":"https:\/\/chemneo.com\/pt\/wp-json\/wp\/v2\/product\/6293","targetHints":{"allow":["GET"]}}],"collection":[{"href":"https:\/\/chemneo.com\/pt\/wp-json\/wp\/v2\/product"}],"about":[{"href":"https:\/\/chemneo.com\/pt\/wp-json\/wp\/v2\/types\/product"}],"replies":[{"embeddable":true,"href":"https:\/\/chemneo.com\/pt\/wp-json\/wp\/v2\/comments?post=6293"}],"wp:featuredmedia":[{"embeddable":true,"href":"https:\/\/chemneo.com\/pt\/wp-json\/wp\/v2\/media\/6292"}],"wp:attachment":[{"href":"https:\/\/chemneo.com\/pt\/wp-json\/wp\/v2\/media?parent=6293"}],"wp:term":[{"taxonomy":"product_brand","embeddable":true,"href":"https:\/\/chemneo.com\/pt\/wp-json\/wp\/v2\/product_brand?post=6293"},{"taxonomy":"product_cat","embeddable":true,"href":"https:\/\/chemneo.com\/pt\/wp-json\/wp\/v2\/product_cat?post=6293"},{"taxonomy":"product_tag","embeddable":true,"href":"https:\/\/chemneo.com\/pt\/wp-json\/wp\/v2\/product_tag?post=6293"}],"curies":[{"name":"wp","href":"https:\/\/api.w.org\/{rel}","templated":true}]}}