{"id":6295,"date":"2024-11-13T11:27:15","date_gmt":"2024-11-13T03:27:15","guid":{"rendered":"https:\/\/chemneo.com\/product\/6295.html"},"modified":"2024-11-13T11:27:16","modified_gmt":"2024-11-13T03:27:16","slug":"sodium-salt-of-polynaphthalene-sulphonic-acid-cas-36290-04-7","status":"publish","type":"product","link":"https:\/\/chemneo.com\/pt\/product\/6295.html","title":{"rendered":"Sal de s\u00f3dio do \u00e1cido polinaftaleno sulf\u00f3nico CAS 36290-04-7"},"content":{"rendered":"<p>Descri\u00e7\u00e3o<\/p>\n<p>\tSodium salt of polynaphthalene sulphonic acid\u00a0Quick Details<br \/>\nChemical Name:\u00a0Sodium salt of polynaphthalene sulphonic acid<br \/>\nCAS No.: 36290-04-7<br \/>\nMolecular Fomula:\u00a0C11H10O4S<br \/>\nChemical Structure:<\/p>\n<p>Molecular weight: 238.26<br \/>\nAppearance:\u00a0Yellow, brownish yellow or light brown powder<br \/>\nAssay\uff1a99%min<br \/>\nSodium salt of polynaphthalene sulphonic acid\u00a0Typical Properties<\/p>\n<p>ITEMS<br \/>\nSPECIFICATION<\/p>\n<p>Apar\u00eancia<br \/>\nYellow, brownish yellow or light brown powder<\/p>\n<p>Assay, %<br \/>\n99%min<\/p>\n<p>Sodium salt of polynaphthalene sulphonic acid\u00a0application:<br \/>\nMainly used as a dispersant in dispersed dyes, vat dyes, reactive dyes, acid dyes, and leather dyes<br \/>\nSodium salt of polynaphthalene sulphonic acid\u00a0Packaging and Shipping\u00a0<br \/>\n25KG Bag\/Customized according to customer needs<br \/>\nSodium salt of polynaphthalene sulphonic acid\u00a0Storage<br \/>\nKeep closed and store in a dry and ventilated place.<\/p>","protected":false},"excerpt":{"rendered":"<p>Chemical Name:\u00a0Sodium salt of polynaphthalene sulphonic acid<br \/>\nCAS No.: 36290-04-7<br \/>\nMolecular Fomula:\u00a0C11H10O4S<br \/>\nMolecular weight: 238.26<br \/>\nAppearance:\u00a0Yellow, brownish yellow or light brown powder<br \/>\nAssay\uff1a99%min<\/p>","protected":false},"featured_media":6294,"comment_status":"open","ping_status":"closed","template":"","meta":[],"product_brand":[],"product_cat":[17],"product_tag":[],"class_list":{"0":"post-6295","1":"product","2":"type-product","3":"status-publish","4":"has-post-thumbnail","6":"product_cat-uncategorized","8":"first","9":"instock","10":"shipping-taxable","11":"product-type-simple"},"_links":{"self":[{"href":"https:\/\/chemneo.com\/pt\/wp-json\/wp\/v2\/product\/6295","targetHints":{"allow":["GET"]}}],"collection":[{"href":"https:\/\/chemneo.com\/pt\/wp-json\/wp\/v2\/product"}],"about":[{"href":"https:\/\/chemneo.com\/pt\/wp-json\/wp\/v2\/types\/product"}],"replies":[{"embeddable":true,"href":"https:\/\/chemneo.com\/pt\/wp-json\/wp\/v2\/comments?post=6295"}],"wp:featuredmedia":[{"embeddable":true,"href":"https:\/\/chemneo.com\/pt\/wp-json\/wp\/v2\/media\/6294"}],"wp:attachment":[{"href":"https:\/\/chemneo.com\/pt\/wp-json\/wp\/v2\/media?parent=6295"}],"wp:term":[{"taxonomy":"product_brand","embeddable":true,"href":"https:\/\/chemneo.com\/pt\/wp-json\/wp\/v2\/product_brand?post=6295"},{"taxonomy":"product_cat","embeddable":true,"href":"https:\/\/chemneo.com\/pt\/wp-json\/wp\/v2\/product_cat?post=6295"},{"taxonomy":"product_tag","embeddable":true,"href":"https:\/\/chemneo.com\/pt\/wp-json\/wp\/v2\/product_tag?post=6295"}],"curies":[{"name":"wp","href":"https:\/\/api.w.org\/{rel}","templated":true}]}}