{"id":6365,"date":"2024-11-13T11:28:20","date_gmt":"2024-11-13T03:28:20","guid":{"rendered":"https:\/\/chemneo.com\/product\/6365.html"},"modified":"2024-11-13T11:28:21","modified_gmt":"2024-11-13T03:28:21","slug":"lanthanum3-stearate-cas-14741-67-4-2","status":"publish","type":"product","link":"https:\/\/chemneo.com\/pt\/product\/6365.html","title":{"rendered":"Estearato de lant\u00e2nio(3+) CAS 14741-67-4"},"content":{"rendered":"<p>Descri\u00e7\u00e3o<\/p>\n<p>\tLanthanum(3+) stearate Quick Details<br \/>\nDenomina\u00e7\u00e3o qu\u00edmica: Estearato de lant\u00e2nio(3+)<br \/>\nN.\u00ba CAS: 14741-67-4<br \/>\nF\u00f3mula molecular: C54H105LaO6<br \/>\nChemical Structure:<\/p>\n<p>Peso molecular: 989,3134<br \/>\nAspeto: P\u00f3 branco<br \/>\nTypical\u00a0Properties<\/p>\n<p>ITEMS<br \/>\nSPECIFICATION<\/p>\n<p>Apar\u00eancia<br \/>\nP\u00f3 branco<\/p>\n<p>\u00a0<br \/>\nLanthanum(3+) stearate application:<br \/>\nIt is\u00a0mainly used as a nucleating agent for plastics degradation and heat stabilizer<br \/>\nPackaging and Shipping\u00a0<br \/>\ncustomized according to customer needs.<br \/>\nLanthanum(3+) stearate Storage<br \/>\nStore in 2-8\u00b0C<\/p>","protected":false},"excerpt":{"rendered":"<p>Denomina\u00e7\u00e3o qu\u00edmica: Estearato de lant\u00e2nio(3+)<br \/>\nN.\u00ba CAS: 14741-67-4<br \/>\nF\u00f3mula molecular: C54H105LaO6<br \/>\nPeso molecular: 989,3134<br \/>\nAspeto: P\u00f3 branco<\/p>","protected":false},"featured_media":6354,"comment_status":"open","ping_status":"closed","template":"","meta":[],"product_brand":[],"product_cat":[17],"product_tag":[],"class_list":{"0":"post-6365","1":"product","2":"type-product","3":"status-publish","4":"has-post-thumbnail","6":"product_cat-uncategorized","8":"first","9":"instock","10":"shipping-taxable","11":"product-type-simple"},"_links":{"self":[{"href":"https:\/\/chemneo.com\/pt\/wp-json\/wp\/v2\/product\/6365","targetHints":{"allow":["GET"]}}],"collection":[{"href":"https:\/\/chemneo.com\/pt\/wp-json\/wp\/v2\/product"}],"about":[{"href":"https:\/\/chemneo.com\/pt\/wp-json\/wp\/v2\/types\/product"}],"replies":[{"embeddable":true,"href":"https:\/\/chemneo.com\/pt\/wp-json\/wp\/v2\/comments?post=6365"}],"wp:featuredmedia":[{"embeddable":true,"href":"https:\/\/chemneo.com\/pt\/wp-json\/wp\/v2\/media\/6354"}],"wp:attachment":[{"href":"https:\/\/chemneo.com\/pt\/wp-json\/wp\/v2\/media?parent=6365"}],"wp:term":[{"taxonomy":"product_brand","embeddable":true,"href":"https:\/\/chemneo.com\/pt\/wp-json\/wp\/v2\/product_brand?post=6365"},{"taxonomy":"product_cat","embeddable":true,"href":"https:\/\/chemneo.com\/pt\/wp-json\/wp\/v2\/product_cat?post=6365"},{"taxonomy":"product_tag","embeddable":true,"href":"https:\/\/chemneo.com\/pt\/wp-json\/wp\/v2\/product_tag?post=6365"}],"curies":[{"name":"wp","href":"https:\/\/api.w.org\/{rel}","templated":true}]}}