{"id":6393,"date":"2024-11-13T11:28:46","date_gmt":"2024-11-13T03:28:46","guid":{"rendered":"https:\/\/chemneo.com\/product\/6393.html"},"modified":"2024-11-13T11:28:47","modified_gmt":"2024-11-13T03:28:47","slug":"octenyl-succinic-anhydride-cas-26680-54-6","status":"publish","type":"product","link":"https:\/\/chemneo.com\/pt\/product\/6393.html","title":{"rendered":"Octenyl Succinic Anhydride CAS 26680-54-6"},"content":{"rendered":"<p>Descri\u00e7\u00e3o<\/p>\n<p>\tOctenyl Succinic Anhydride Details<br \/>\nChemical Name: Octenyl Succinic Anhydride<br \/>\nCAS No.: 26680-54-6<br \/>\nMolecular Formula: C12H18O3<br \/>\nPeso molecular: 210,27<br \/>\nMolecular\u00a0Structure:<br \/>\nAspeto: L\u00edquido<br \/>\nOctenyl Succinic Anhydride Typical Properties<\/p>\n<p>Ponto de fus\u00e3o<br \/>\n8-12\u00a0\u00b0C(lit.)<\/p>\n<p>Ponto de ebuli\u00e7\u00e3o<br \/>\n168\u00a0\u00b0C10\u00a0mm Hg(lit.)<\/p>\n<p>Densidade<br \/>\n1\u00a0g\/mL\u00a0at 25\u00a0\u00b0C(lit.)<\/p>\n<p>\u00cdndice de refra\u00e7\u00e3o<br \/>\nn20\/D 1.4694(lit.)<\/p>\n<p>Ponto de inflama\u00e7\u00e3o<br \/>\n>230\u00a0\u00b0F<\/p>\n<p>Apar\u00eancia<br \/>\nL\u00edquido<\/p>\n<p>Colour<br \/>\nWhite to light yellow<\/p>\n<p>Octenyl Succinic Anhydride Usage<br \/>\nA series of reactions such as addition, substitution, reduction, acetification, hydrolysis and polymerization can occur under appropriate conditions, and a variety of derivatives can be synthesized<br \/>\nOctenyl Succinic Anhydride Packaging and Shipping<br \/>\nPacking: 25KG\/Drum<br \/>\nOctenyl Succinic Anhydride Storage<br \/>\nKeep in a well-closed,light-resistant, dry and cool place.<\/p>","protected":false},"excerpt":{"rendered":"<p>Chemical Name: Octenyl Succinic Anhydride<br \/>\nCAS No.: 26680-54-6<br \/>\nMolecular Formula: C12H18O3<br \/>\nPeso molecular: 210,27<br \/>\nAspeto: L\u00edquido<\/p>","protected":false},"featured_media":6392,"comment_status":"open","ping_status":"closed","template":"","meta":[],"product_brand":[],"product_cat":[17],"product_tag":[],"class_list":{"0":"post-6393","1":"product","2":"type-product","3":"status-publish","4":"has-post-thumbnail","6":"product_cat-uncategorized","8":"first","9":"instock","10":"shipping-taxable","11":"product-type-simple"},"_links":{"self":[{"href":"https:\/\/chemneo.com\/pt\/wp-json\/wp\/v2\/product\/6393","targetHints":{"allow":["GET"]}}],"collection":[{"href":"https:\/\/chemneo.com\/pt\/wp-json\/wp\/v2\/product"}],"about":[{"href":"https:\/\/chemneo.com\/pt\/wp-json\/wp\/v2\/types\/product"}],"replies":[{"embeddable":true,"href":"https:\/\/chemneo.com\/pt\/wp-json\/wp\/v2\/comments?post=6393"}],"wp:featuredmedia":[{"embeddable":true,"href":"https:\/\/chemneo.com\/pt\/wp-json\/wp\/v2\/media\/6392"}],"wp:attachment":[{"href":"https:\/\/chemneo.com\/pt\/wp-json\/wp\/v2\/media?parent=6393"}],"wp:term":[{"taxonomy":"product_brand","embeddable":true,"href":"https:\/\/chemneo.com\/pt\/wp-json\/wp\/v2\/product_brand?post=6393"},{"taxonomy":"product_cat","embeddable":true,"href":"https:\/\/chemneo.com\/pt\/wp-json\/wp\/v2\/product_cat?post=6393"},{"taxonomy":"product_tag","embeddable":true,"href":"https:\/\/chemneo.com\/pt\/wp-json\/wp\/v2\/product_tag?post=6393"}],"curies":[{"name":"wp","href":"https:\/\/api.w.org\/{rel}","templated":true}]}}